{"id":289,"date":"2019-08-19T12:33:00","date_gmt":"2019-08-19T10:33:00","guid":{"rendered":"http:\/\/apartbalear.test\/?page_id=289"},"modified":"2022-03-08T21:06:52","modified_gmt":"2022-03-08T20:06:52","slug":"beispiel-seite","status":"publish","type":"page","link":"https:\/\/www.luxusimmomallorca.com\/en\/","title":{"rendered":"Homepage"},"content":{"rendered":"\t\t<div data-elementor-type=\"wp-post\" data-elementor-id=\"289\" class=\"elementor elementor-289 elementor-2\" data-elementor-post-type=\"page\">\n\t\t\t\t\t\t<section class=\"elementor-section elementor-top-section elementor-element elementor-element-00aa921 elementor-section-boxed elementor-section-height-default elementor-section-height-default\" data-id=\"00aa921\" data-element_type=\"section\" data-e-type=\"section\">\n\t\t\t\t\t\t<div class=\"elementor-container elementor-column-gap-default\">\n\t\t\t\t\t<div class=\"elementor-column elementor-col-100 elementor-top-column elementor-element elementor-element-f100fa4\" data-id=\"f100fa4\" data-element_type=\"column\" data-e-type=\"column\">\n\t\t\t<div class=\"elementor-widget-wrap elementor-element-populated\">\n\t\t\t\t\t\t<div class=\"elementor-element elementor-element-ddc1041 elementor-widget elementor-widget-heading\" data-id=\"ddc1041\" data-element_type=\"widget\" data-e-type=\"widget\" data-widget_type=\"heading.default\">\n\t\t\t\t<div class=\"elementor-widget-container\">\n\t\t\t\t\t<h2 class=\"elementor-heading-title elementor-size-default\">Warum <img decoding=\"async\" src=\"https:\/\/www.luxusimmomallorca.com\/wp-content\/uploads\/2021\/04\/logo.png\" alt=\"luxusimmomallorca.com\"><\/h2>\t\t\t\t<\/div>\n\t\t\t\t<\/div>\n\t\t\t\t\t<\/div>\n\t\t<\/div>\n\t\t\t\t\t<\/div>\n\t\t<\/section>\n\t\t\t\t<section class=\"elementor-section elementor-top-section elementor-element elementor-element-e2d3db4 elementor-section-boxed elementor-section-height-default elementor-section-height-default\" data-id=\"e2d3db4\" data-element_type=\"section\" data-e-type=\"section\">\n\t\t\t\t\t\t<div class=\"elementor-container elementor-column-gap-default\">\n\t\t\t\t\t<div class=\"elementor-column elementor-col-100 elementor-top-column elementor-element elementor-element-be03ebf\" data-id=\"be03ebf\" data-element_type=\"column\" data-e-type=\"column\">\n\t\t\t<div class=\"elementor-widget-wrap elementor-element-populated\">\n\t\t\t\t\t\t<div class=\"elementor-element elementor-element-bb62d59 elementor-widget elementor-widget-text-editor\" data-id=\"bb62d59\" data-element_type=\"widget\" data-e-type=\"widget\" data-widget_type=\"text-editor.default\">\n\t\t\t\t<div class=\"elementor-widget-container\">\n\t\t\t\t\t\t\t\t\t<p style=\"text-align: center;\">Weil Sie hier die beste Auswahl an Luxusimmobilien auf Mallorca finden und bei der Suche vor Ort von einem pers\u00f6nlichen Immobilienmakler betreut und bei den Besichtigungen begleitet werden. Kompetent, diskret und zielorientiert.<br><\/p>\t\t\t\t\t\t\t\t<\/div>\n\t\t\t\t<\/div>\n\t\t\t\t\t<\/div>\n\t\t<\/div>\n\t\t\t\t\t<\/div>\n\t\t<\/section>\n\t\t\t\t<section class=\"elementor-section elementor-top-section elementor-element elementor-element-6e2451c elementor-section-boxed elementor-section-height-default elementor-section-height-default\" data-id=\"6e2451c\" data-element_type=\"section\" data-e-type=\"section\">\n\t\t\t\t\t\t<div class=\"elementor-container elementor-column-gap-default\">\n\t\t\t\t\t<div class=\"elementor-column elementor-col-100 elementor-top-column elementor-element elementor-element-5c91948\" data-id=\"5c91948\" data-element_type=\"column\" data-e-type=\"column\">\n\t\t\t<div class=\"elementor-widget-wrap elementor-element-populated\">\n\t\t\t\t\t\t<section class=\"elementor-section elementor-inner-section elementor-element elementor-element-c993b1f elementor-section-boxed elementor-section-height-default elementor-section-height-default\" data-id=\"c993b1f\" data-element_type=\"section\" data-e-type=\"section\">\n\t\t\t\t\t\t<div class=\"elementor-container elementor-column-gap-default\">\n\t\t\t\t\t<div class=\"elementor-column elementor-col-50 elementor-inner-column elementor-element elementor-element-33444a1\" data-id=\"33444a1\" data-element_type=\"column\" data-e-type=\"column\">\n\t\t\t<div class=\"elementor-widget-wrap elementor-element-populated\">\n\t\t\t\t\t\t<div class=\"elementor-element elementor-element-48acbba elementor-position-inline-start elementor-view-framed elementor-shape-circle elementor-mobile-position-block-start elementor-invisible elementor-widget elementor-widget-icon-box\" data-id=\"48acbba\" data-element_type=\"widget\" data-e-type=\"widget\" data-settings=\"{&quot;_animation&quot;:&quot;slideInRight&quot;}\" data-widget_type=\"icon-box.default\">\n\t\t\t\t<div class=\"elementor-widget-container\">\n\t\t\t\t\t\t\t<div class=\"elementor-icon-box-wrapper\">\n\n\t\t\t\t\t\t<div class=\"elementor-icon-box-icon\">\n\t\t\t\t<span  class=\"elementor-icon\">\n\t\t\t\t<i aria-hidden=\"true\" class=\"fas fa-home\"><\/i>\t\t\t\t<\/span>\n\t\t\t<\/div>\n\t\t\t\n\t\t\t\t\t\t<div class=\"elementor-icon-box-content\">\n\n\t\t\t\t\t\t\t\t\t<h3 class=\"elementor-icon-box-title\">\n\t\t\t\t\t\t<span  >\n\t\t\t\t\t\t\tBeste Auswahl\t\t\t\t\t\t<\/span>\n\t\t\t\t\t<\/h3>\n\t\t\t\t\n\t\t\t\t\t\t\t\t\t<p class=\"elementor-icon-box-description\">\n\t\t\t\t\t\tWir arbeiten mit einer Vielzahl von Maklerkollegen und Bautr\u00e4gern vor Ort zusammen, um Ihnen die beste Auswahl an Luxusimmobilien anbieten zu k\u00f6nnen. \t\t\t\t\t<\/p>\n\t\t\t\t\n\t\t\t<\/div>\n\t\t\t\n\t\t<\/div>\n\t\t\t\t\t\t<\/div>\n\t\t\t\t<\/div>\n\t\t\t\t\t<\/div>\n\t\t<\/div>\n\t\t\t\t<div class=\"elementor-column elementor-col-50 elementor-inner-column elementor-element elementor-element-53232bd\" data-id=\"53232bd\" data-element_type=\"column\" data-e-type=\"column\">\n\t\t\t<div class=\"elementor-widget-wrap elementor-element-populated\">\n\t\t\t\t\t\t<div class=\"elementor-element elementor-element-b993f87 elementor-position-inline-start elementor-view-framed elementor-shape-circle elementor-mobile-position-block-start elementor-invisible elementor-widget elementor-widget-icon-box\" data-id=\"b993f87\" data-element_type=\"widget\" data-e-type=\"widget\" data-settings=\"{&quot;_animation&quot;:&quot;slideInRight&quot;,&quot;_animation_delay&quot;:100}\" data-widget_type=\"icon-box.default\">\n\t\t\t\t<div class=\"elementor-widget-container\">\n\t\t\t\t\t\t\t<div class=\"elementor-icon-box-wrapper\">\n\n\t\t\t\t\t\t<div class=\"elementor-icon-box-icon\">\n\t\t\t\t<span  class=\"elementor-icon\">\n\t\t\t\t<i aria-hidden=\"true\" class=\"fas fa-user\"><\/i>\t\t\t\t<\/span>\n\t\t\t<\/div>\n\t\t\t\n\t\t\t\t\t\t<div class=\"elementor-icon-box-content\">\n\n\t\t\t\t\t\t\t\t\t<h3 class=\"elementor-icon-box-title\">\n\t\t\t\t\t\t<span  >\n\t\t\t\t\t\t\tpers\u00f6nlicher Berater\t\t\t\t\t\t<\/span>\n\t\t\t\t\t<\/h3>\n\t\t\t\t\n\t\t\t\t\t\t\t\t\t<p class=\"elementor-icon-box-description\">\n\t\t\t\t\t\tUnser erfahrener Immobilienberater wird Sie vorab bei der Immobilien-auswahl betreuen und bei allen Ihren Besichtigungen vor Ort pers\u00f6nlich begleiten und beraten.\t\t\t\t\t<\/p>\n\t\t\t\t\n\t\t\t<\/div>\n\t\t\t\n\t\t<\/div>\n\t\t\t\t\t\t<\/div>\n\t\t\t\t<\/div>\n\t\t\t\t\t<\/div>\n\t\t<\/div>\n\t\t\t\t\t<\/div>\n\t\t<\/section>\n\t\t\t\t<section class=\"elementor-section elementor-inner-section elementor-element elementor-element-dd68ae4 elementor-section-boxed elementor-section-height-default elementor-section-height-default\" data-id=\"dd68ae4\" data-element_type=\"section\" data-e-type=\"section\">\n\t\t\t\t\t\t<div class=\"elementor-container elementor-column-gap-default\">\n\t\t\t\t\t<div class=\"elementor-column elementor-col-50 elementor-inner-column elementor-element elementor-element-11eba81\" data-id=\"11eba81\" data-element_type=\"column\" data-e-type=\"column\">\n\t\t\t<div class=\"elementor-widget-wrap elementor-element-populated\">\n\t\t\t\t\t\t<div class=\"elementor-element elementor-element-6e07372 elementor-position-inline-start elementor-view-framed elementor-shape-circle elementor-mobile-position-block-start elementor-invisible elementor-widget elementor-widget-icon-box\" data-id=\"6e07372\" data-element_type=\"widget\" data-e-type=\"widget\" data-settings=\"{&quot;_animation&quot;:&quot;slideInRight&quot;,&quot;_animation_delay&quot;:200}\" data-widget_type=\"icon-box.default\">\n\t\t\t\t<div class=\"elementor-widget-container\">\n\t\t\t\t\t\t\t<div class=\"elementor-icon-box-wrapper\">\n\n\t\t\t\t\t\t<div class=\"elementor-icon-box-icon\">\n\t\t\t\t<span  class=\"elementor-icon\">\n\t\t\t\t<i aria-hidden=\"true\" class=\"fas fa-network-wired\"><\/i>\t\t\t\t<\/span>\n\t\t\t<\/div>\n\t\t\t\n\t\t\t\t\t\t<div class=\"elementor-icon-box-content\">\n\n\t\t\t\t\t\t\t\t\t<h3 class=\"elementor-icon-box-title\">\n\t\t\t\t\t\t<span  >\n\t\t\t\t\t\t\tUmfangreiches Netzwerk\t\t\t\t\t\t<\/span>\n\t\t\t\t\t<\/h3>\n\t\t\t\t\n\t\t\t\t\t\t\t\t\t<p class=\"elementor-icon-box-description\">\n\t\t\t\t\t\tProfitieren Sie von unserem umfangreichen Netzwerk aus Anw\u00e4lten, Steuerb\u00fcros, Banken, Architekten, Handwerkern und weiteren Servicedienstleistern.\t\t\t\t\t<\/p>\n\t\t\t\t\n\t\t\t<\/div>\n\t\t\t\n\t\t<\/div>\n\t\t\t\t\t\t<\/div>\n\t\t\t\t<\/div>\n\t\t\t\t\t<\/div>\n\t\t<\/div>\n\t\t\t\t<div class=\"elementor-column elementor-col-50 elementor-inner-column elementor-element elementor-element-48a25aa\" data-id=\"48a25aa\" data-element_type=\"column\" data-e-type=\"column\">\n\t\t\t<div class=\"elementor-widget-wrap elementor-element-populated\">\n\t\t\t\t\t\t<div class=\"elementor-element elementor-element-575ce12 elementor-position-inline-start elementor-view-framed elementor-shape-square elementor-mobile-position-block-start elementor-invisible elementor-widget elementor-widget-icon-box\" data-id=\"575ce12\" data-element_type=\"widget\" data-e-type=\"widget\" data-settings=\"{&quot;_animation&quot;:&quot;slideInRight&quot;,&quot;_animation_delay&quot;:300}\" data-widget_type=\"icon-box.default\">\n\t\t\t\t<div class=\"elementor-widget-container\">\n\t\t\t\t\t\t\t<div class=\"elementor-icon-box-wrapper\">\n\n\t\t\t\t\t\t<div class=\"elementor-icon-box-icon\">\n\t\t\t\t<span  class=\"elementor-icon\">\n\t\t\t\t<i aria-hidden=\"true\" class=\"fas fa-euro-sign\"><\/i>\t\t\t\t<\/span>\n\t\t\t<\/div>\n\t\t\t\n\t\t\t\t\t\t<div class=\"elementor-icon-box-content\">\n\n\t\t\t\t\t\t\t\t\t<h3 class=\"elementor-icon-box-title\">\n\t\t\t\t\t\t<span  >\n\t\t\t\t\t\t\tProvisionsfrei f\u00fcr k\u00e4ufer\t\t\t\t\t\t<\/span>\n\t\t\t\t\t<\/h3>\n\t\t\t\t\n\t\t\t\t\t\t\t\t\t<p class=\"elementor-icon-box-description\">\n\t\t\t\t\t\tIn der Regel sind alle Immobilien zum Kauf bei uns f\u00fcr den K\u00e4ufer provisionsfrei. Bei Mietobjekten zahlt der Mieter die Provision i.H.v. 1,5 Monatsmieten plus der g\u00fcltigen MwSt.\t\t\t\t\t<\/p>\n\t\t\t\t\n\t\t\t<\/div>\n\t\t\t\n\t\t<\/div>\n\t\t\t\t\t\t<\/div>\n\t\t\t\t<\/div>\n\t\t\t\t\t<\/div>\n\t\t<\/div>\n\t\t\t\t\t<\/div>\n\t\t<\/section>\n\t\t\t\t\t<\/div>\n\t\t<\/div>\n\t\t\t\t\t<\/div>\n\t\t<\/section>\n\t\t\t\t<\/div>\n\t\t","protected":false},"excerpt":{"rendered":"<p>Warum Weil Sie hier die beste Auswahl an Luxusimmobilien auf Mallorca finden und bei der Suche vor Ort von einem pers\u00f6nlichen Immobilienmakler betreut und bei den Besichtigungen begleitet werden. Kompetent, diskret und zielorientiert. Beste Auswahl Wir arbeiten mit einer Vielzahl von Maklerkollegen und Bautr\u00e4gern vor Ort zusammen, um Ihnen die beste Auswahl an Luxusimmobilien anbieten [&hellip;]<\/p>\n","protected":false},"author":4,"featured_media":1548,"parent":0,"menu_order":0,"comment_status":"closed","ping_status":"open","template":"","meta":{"_acf_changed":false,"footnotes":""},"class_list":["post-289","page","type-page","status-publish","has-post-thumbnail","hentry"],"acf":[],"yoast_head":"<!-- This site is optimized with the Yoast SEO plugin v27.5 - https:\/\/yoast.com\/product\/yoast-seo-wordpress\/ -->\n<title>Homepage - Luxus Immobilien Mallorca<\/title>\n<meta name=\"robots\" content=\"index, follow, max-snippet:-1, max-image-preview:large, max-video-preview:-1\" \/>\n<link rel=\"canonical\" href=\"https:\/\/www.luxusimmomallorca.com\/en\/\" \/>\n<meta property=\"og:locale\" content=\"en_US\" \/>\n<meta property=\"og:type\" content=\"article\" \/>\n<meta property=\"og:title\" content=\"Homepage - Luxus Immobilien Mallorca\" \/>\n<meta property=\"og:description\" content=\"Warum Weil Sie hier die beste Auswahl an Luxusimmobilien auf Mallorca finden und bei der Suche vor Ort von einem pers\u00f6nlichen Immobilienmakler betreut und bei den Besichtigungen begleitet werden. Kompetent, diskret und zielorientiert. Beste Auswahl Wir arbeiten mit einer Vielzahl von Maklerkollegen und Bautr\u00e4gern vor Ort zusammen, um Ihnen die beste Auswahl an Luxusimmobilien anbieten [&hellip;]\" \/>\n<meta property=\"og:url\" content=\"https:\/\/www.luxusimmomallorca.com\/en\/\" \/>\n<meta property=\"og:site_name\" content=\"Luxus Immobilien Mallorca\" \/>\n<meta property=\"article:publisher\" content=\"https:\/\/www.facebook.com\/apartbalear\/\" \/>\n<meta property=\"article:modified_time\" content=\"2022-03-08T20:06:52+00:00\" \/>\n<meta property=\"og:image\" content=\"https:\/\/www.luxusimmomallorca.com\/wp-content\/uploads\/2020\/04\/amazing-2451315_1920.jpg\" \/>\n\t<meta property=\"og:image:width\" content=\"1920\" \/>\n\t<meta property=\"og:image:height\" content=\"1279\" \/>\n\t<meta property=\"og:image:type\" content=\"image\/jpeg\" \/>\n<meta name=\"twitter:card\" content=\"summary_large_image\" \/>\n<meta name=\"twitter:label1\" content=\"Est. reading time\" \/>\n\t<meta name=\"twitter:data1\" content=\"1 minute\" \/>\n<script type=\"application\/ld+json\" class=\"yoast-schema-graph\">{\"@context\":\"https:\\\/\\\/schema.org\",\"@graph\":[{\"@type\":\"WebPage\",\"@id\":\"https:\\\/\\\/www.luxusimmomallorca.com\\\/en\\\/\",\"url\":\"https:\\\/\\\/www.luxusimmomallorca.com\\\/en\\\/\",\"name\":\"Homepage - Luxus Immobilien Mallorca\",\"isPartOf\":{\"@id\":\"https:\\\/\\\/www.luxusimmomallorca.com\\\/en\\\/#website\"},\"primaryImageOfPage\":{\"@id\":\"https:\\\/\\\/www.luxusimmomallorca.com\\\/en\\\/#primaryimage\"},\"image\":{\"@id\":\"https:\\\/\\\/www.luxusimmomallorca.com\\\/en\\\/#primaryimage\"},\"thumbnailUrl\":\"https:\\\/\\\/acnaayzuen.cloudimg.io\\\/v7\\\/www.luxusimmomallorca.com\\\/wp-content\\\/uploads\\\/2020\\\/04\\\/amazing-2451315_1920.jpg\",\"datePublished\":\"2019-08-19T10:33:00+00:00\",\"dateModified\":\"2022-03-08T20:06:52+00:00\",\"breadcrumb\":{\"@id\":\"https:\\\/\\\/www.luxusimmomallorca.com\\\/en\\\/#breadcrumb\"},\"inLanguage\":\"en-US\",\"potentialAction\":[{\"@type\":\"ReadAction\",\"target\":[\"https:\\\/\\\/www.luxusimmomallorca.com\\\/en\\\/\"]}]},{\"@type\":\"ImageObject\",\"inLanguage\":\"en-US\",\"@id\":\"https:\\\/\\\/www.luxusimmomallorca.com\\\/en\\\/#primaryimage\",\"url\":\"https:\\\/\\\/acnaayzuen.cloudimg.io\\\/v7\\\/www.luxusimmomallorca.com\\\/wp-content\\\/uploads\\\/2020\\\/04\\\/amazing-2451315_1920.jpg\",\"contentUrl\":\"https:\\\/\\\/acnaayzuen.cloudimg.io\\\/v7\\\/www.luxusimmomallorca.com\\\/wp-content\\\/uploads\\\/2020\\\/04\\\/amazing-2451315_1920.jpg\",\"width\":1920,\"height\":1279},{\"@type\":\"BreadcrumbList\",\"@id\":\"https:\\\/\\\/www.luxusimmomallorca.com\\\/en\\\/#breadcrumb\",\"itemListElement\":[{\"@type\":\"ListItem\",\"position\":1,\"name\":\"Startseite\",\"item\":\"https:\\\/\\\/www.luxusimmomallorca.com\\\/en\\\/beispiel-seite\\\/\"},{\"@type\":\"ListItem\",\"position\":2,\"name\":\"Homepage\"}]},{\"@type\":\"WebSite\",\"@id\":\"https:\\\/\\\/www.luxusimmomallorca.com\\\/en\\\/#website\",\"url\":\"https:\\\/\\\/www.luxusimmomallorca.com\\\/en\\\/\",\"name\":\"Luxus Immobilien Mallorca\",\"description\":\"Das Portal f\u00fcr Luxusimmobilien auf Mallorca\",\"publisher\":{\"@id\":\"https:\\\/\\\/www.luxusimmomallorca.com\\\/en\\\/#organization\"},\"potentialAction\":[{\"@type\":\"SearchAction\",\"target\":{\"@type\":\"EntryPoint\",\"urlTemplate\":\"https:\\\/\\\/www.luxusimmomallorca.com\\\/en\\\/?s={search_term_string}\"},\"query-input\":{\"@type\":\"PropertyValueSpecification\",\"valueRequired\":true,\"valueName\":\"search_term_string\"}}],\"inLanguage\":\"en-US\"},{\"@type\":\"Organization\",\"@id\":\"https:\\\/\\\/www.luxusimmomallorca.com\\\/en\\\/#organization\",\"name\":\"APART BALEAR\",\"url\":\"https:\\\/\\\/www.luxusimmomallorca.com\\\/en\\\/\",\"logo\":{\"@type\":\"ImageObject\",\"inLanguage\":\"en-US\",\"@id\":\"https:\\\/\\\/www.luxusimmomallorca.com\\\/en\\\/#\\\/schema\\\/logo\\\/image\\\/\",\"url\":\"https:\\\/\\\/www.luxusimmomallorca.com\\\/wp-content\\\/uploads\\\/2020\\\/06\\\/apart-favicon.png\",\"contentUrl\":\"https:\\\/\\\/www.luxusimmomallorca.com\\\/wp-content\\\/uploads\\\/2020\\\/06\\\/apart-favicon.png\",\"width\":512,\"height\":512,\"caption\":\"APART BALEAR\"},\"image\":{\"@id\":\"https:\\\/\\\/www.luxusimmomallorca.com\\\/en\\\/#\\\/schema\\\/logo\\\/image\\\/\"},\"sameAs\":[\"https:\\\/\\\/www.facebook.com\\\/apartbalear\\\/\",\"https:\\\/\\\/www.instagram.com\\\/apartbalear\\\/\",\"https:\\\/\\\/www.youtube.com\\\/channel\\\/UCqNKScPRjmHO2EEBmSJhwSg\"]}]}<\/script>\n<!-- \/ Yoast SEO plugin. -->","yoast_head_json":{"title":"Homepage - Luxus Immobilien Mallorca","robots":{"index":"index","follow":"follow","max-snippet":"max-snippet:-1","max-image-preview":"max-image-preview:large","max-video-preview":"max-video-preview:-1"},"canonical":"https:\/\/www.luxusimmomallorca.com\/en\/","og_locale":"en_US","og_type":"article","og_title":"Homepage - Luxus Immobilien Mallorca","og_description":"Warum Weil Sie hier die beste Auswahl an Luxusimmobilien auf Mallorca finden und bei der Suche vor Ort von einem pers\u00f6nlichen Immobilienmakler betreut und bei den Besichtigungen begleitet werden. Kompetent, diskret und zielorientiert. Beste Auswahl Wir arbeiten mit einer Vielzahl von Maklerkollegen und Bautr\u00e4gern vor Ort zusammen, um Ihnen die beste Auswahl an Luxusimmobilien anbieten [&hellip;]","og_url":"https:\/\/www.luxusimmomallorca.com\/en\/","og_site_name":"Luxus Immobilien Mallorca","article_publisher":"https:\/\/www.facebook.com\/apartbalear\/","article_modified_time":"2022-03-08T20:06:52+00:00","og_image":[{"width":1920,"height":1279,"url":"https:\/\/www.luxusimmomallorca.com\/wp-content\/uploads\/2020\/04\/amazing-2451315_1920.jpg","type":"image\/jpeg"}],"twitter_card":"summary_large_image","twitter_misc":{"Est. reading time":"1 minute"},"schema":{"@context":"https:\/\/schema.org","@graph":[{"@type":"WebPage","@id":"https:\/\/www.luxusimmomallorca.com\/en\/","url":"https:\/\/www.luxusimmomallorca.com\/en\/","name":"Homepage - Luxus Immobilien Mallorca","isPartOf":{"@id":"https:\/\/www.luxusimmomallorca.com\/en\/#website"},"primaryImageOfPage":{"@id":"https:\/\/www.luxusimmomallorca.com\/en\/#primaryimage"},"image":{"@id":"https:\/\/www.luxusimmomallorca.com\/en\/#primaryimage"},"thumbnailUrl":"https:\/\/acnaayzuen.cloudimg.io\/v7\/www.luxusimmomallorca.com\/wp-content\/uploads\/2020\/04\/amazing-2451315_1920.jpg","datePublished":"2019-08-19T10:33:00+00:00","dateModified":"2022-03-08T20:06:52+00:00","breadcrumb":{"@id":"https:\/\/www.luxusimmomallorca.com\/en\/#breadcrumb"},"inLanguage":"en-US","potentialAction":[{"@type":"ReadAction","target":["https:\/\/www.luxusimmomallorca.com\/en\/"]}]},{"@type":"ImageObject","inLanguage":"en-US","@id":"https:\/\/www.luxusimmomallorca.com\/en\/#primaryimage","url":"https:\/\/acnaayzuen.cloudimg.io\/v7\/www.luxusimmomallorca.com\/wp-content\/uploads\/2020\/04\/amazing-2451315_1920.jpg","contentUrl":"https:\/\/acnaayzuen.cloudimg.io\/v7\/www.luxusimmomallorca.com\/wp-content\/uploads\/2020\/04\/amazing-2451315_1920.jpg","width":1920,"height":1279},{"@type":"BreadcrumbList","@id":"https:\/\/www.luxusimmomallorca.com\/en\/#breadcrumb","itemListElement":[{"@type":"ListItem","position":1,"name":"Startseite","item":"https:\/\/www.luxusimmomallorca.com\/en\/beispiel-seite\/"},{"@type":"ListItem","position":2,"name":"Homepage"}]},{"@type":"WebSite","@id":"https:\/\/www.luxusimmomallorca.com\/en\/#website","url":"https:\/\/www.luxusimmomallorca.com\/en\/","name":"Luxus Immobilien Mallorca","description":"Das Portal f\u00fcr Luxusimmobilien auf Mallorca","publisher":{"@id":"https:\/\/www.luxusimmomallorca.com\/en\/#organization"},"potentialAction":[{"@type":"SearchAction","target":{"@type":"EntryPoint","urlTemplate":"https:\/\/www.luxusimmomallorca.com\/en\/?s={search_term_string}"},"query-input":{"@type":"PropertyValueSpecification","valueRequired":true,"valueName":"search_term_string"}}],"inLanguage":"en-US"},{"@type":"Organization","@id":"https:\/\/www.luxusimmomallorca.com\/en\/#organization","name":"APART BALEAR","url":"https:\/\/www.luxusimmomallorca.com\/en\/","logo":{"@type":"ImageObject","inLanguage":"en-US","@id":"https:\/\/www.luxusimmomallorca.com\/en\/#\/schema\/logo\/image\/","url":"https:\/\/www.luxusimmomallorca.com\/wp-content\/uploads\/2020\/06\/apart-favicon.png","contentUrl":"https:\/\/www.luxusimmomallorca.com\/wp-content\/uploads\/2020\/06\/apart-favicon.png","width":512,"height":512,"caption":"APART BALEAR"},"image":{"@id":"https:\/\/www.luxusimmomallorca.com\/en\/#\/schema\/logo\/image\/"},"sameAs":["https:\/\/www.facebook.com\/apartbalear\/","https:\/\/www.instagram.com\/apartbalear\/","https:\/\/www.youtube.com\/channel\/UCqNKScPRjmHO2EEBmSJhwSg"]}]}},"_links":{"self":[{"href":"https:\/\/www.luxusimmomallorca.com\/en\/wp-json\/wp\/v2\/pages\/289","targetHints":{"allow":["GET"]}}],"collection":[{"href":"https:\/\/www.luxusimmomallorca.com\/en\/wp-json\/wp\/v2\/pages"}],"about":[{"href":"https:\/\/www.luxusimmomallorca.com\/en\/wp-json\/wp\/v2\/types\/page"}],"author":[{"embeddable":true,"href":"https:\/\/www.luxusimmomallorca.com\/en\/wp-json\/wp\/v2\/users\/4"}],"replies":[{"embeddable":true,"href":"https:\/\/www.luxusimmomallorca.com\/en\/wp-json\/wp\/v2\/comments?post=289"}],"version-history":[{"count":12,"href":"https:\/\/www.luxusimmomallorca.com\/en\/wp-json\/wp\/v2\/pages\/289\/revisions"}],"predecessor-version":[{"id":4503,"href":"https:\/\/www.luxusimmomallorca.com\/en\/wp-json\/wp\/v2\/pages\/289\/revisions\/4503"}],"wp:featuredmedia":[{"embeddable":true,"href":"https:\/\/www.luxusimmomallorca.com\/en\/wp-json\/wp\/v2\/media\/1548"}],"wp:attachment":[{"href":"https:\/\/www.luxusimmomallorca.com\/en\/wp-json\/wp\/v2\/media?parent=289"}],"curies":[{"name":"wp","href":"https:\/\/api.w.org\/{rel}","templated":true}]}}