{"id":314,"date":"2019-08-21T15:34:26","date_gmt":"2019-08-21T13:34:26","guid":{"rendered":"http:\/\/apartbalear.test\/?page_id=314"},"modified":"2021-06-21T11:40:43","modified_gmt":"2021-06-21T09:40:43","slug":"kostenlose-einwertung","status":"publish","type":"page","link":"https:\/\/www.luxusimmomallorca.com\/en\/verkaufen\/kostenlose-einwertung\/","title":{"rendered":"Kostenlose Einwertung"},"content":{"rendered":"\t\t<div data-elementor-type=\"wp-page\" data-elementor-id=\"314\" class=\"elementor elementor-314 elementor-18\" data-elementor-post-type=\"page\">\n\t\t\t\t\t\t<section class=\"elementor-section elementor-top-section elementor-element elementor-element-33d22330 elementor-section-boxed elementor-section-height-default elementor-section-height-default\" data-id=\"33d22330\" data-element_type=\"section\" data-e-type=\"section\">\n\t\t\t\t\t\t<div class=\"elementor-container elementor-column-gap-default\">\n\t\t\t\t\t<div class=\"elementor-column elementor-col-12 elementor-top-column elementor-element elementor-element-3849d469\" data-id=\"3849d469\" data-element_type=\"column\" data-e-type=\"column\">\n\t\t\t<div class=\"elementor-widget-wrap\">\n\t\t\t\t\t\t\t<\/div>\n\t\t<\/div>\n\t\t\t\t<div class=\"elementor-column elementor-col-12 elementor-top-column elementor-element elementor-element-5cb04ae0\" data-id=\"5cb04ae0\" data-element_type=\"column\" data-e-type=\"column\">\n\t\t\t<div class=\"elementor-widget-wrap elementor-element-populated\">\n\t\t\t\t\t\t<div class=\"elementor-element elementor-element-63d7a1ff elementor-widget elementor-widget-heading\" data-id=\"63d7a1ff\" data-element_type=\"widget\" data-e-type=\"widget\" data-widget_type=\"heading.default\">\n\t\t\t\t<div class=\"elementor-widget-container\">\n\t\t\t\t\t<h2 class=\"elementor-heading-title elementor-size-default\"><a href=\"https:\/\/www.luxusimmomallorca.com\/\">Startseite \/<\/a><\/h2>\t\t\t\t<\/div>\n\t\t\t\t<\/div>\n\t\t\t\t\t<\/div>\n\t\t<\/div>\n\t\t\t\t<div class=\"elementor-column elementor-col-12 elementor-top-column elementor-element elementor-element-36f51062\" data-id=\"36f51062\" data-element_type=\"column\" data-e-type=\"column\">\n\t\t\t<div class=\"elementor-widget-wrap elementor-element-populated\">\n\t\t\t\t\t\t<div class=\"elementor-element elementor-element-123c5808 elementor-widget elementor-widget-heading\" data-id=\"123c5808\" data-element_type=\"widget\" data-e-type=\"widget\" data-widget_type=\"heading.default\">\n\t\t\t\t<div class=\"elementor-widget-container\">\n\t\t\t\t\t<h2 class=\"elementor-heading-title elementor-size-default\"><a href=\"https:\/\/www.luxusimmomallorca.com\/verkaufen\/\">Verkaufen \/<\/a><\/h2>\t\t\t\t<\/div>\n\t\t\t\t<\/div>\n\t\t\t\t\t<\/div>\n\t\t<\/div>\n\t\t\t\t<div class=\"elementor-column elementor-col-12 elementor-top-column elementor-element elementor-element-3763ec15\" data-id=\"3763ec15\" data-element_type=\"column\" data-e-type=\"column\">\n\t\t\t<div class=\"elementor-widget-wrap elementor-element-populated\">\n\t\t\t\t\t\t<div class=\"elementor-element elementor-element-7a1383a4 elementor-widget elementor-widget-heading\" data-id=\"7a1383a4\" data-element_type=\"widget\" data-e-type=\"widget\" data-widget_type=\"heading.default\">\n\t\t\t\t<div class=\"elementor-widget-container\">\n\t\t\t\t\t<h2 class=\"elementor-heading-title elementor-size-default\"><a href=\"https:\/\/www.luxusimmomallorca.com\/verkaufen\/kostenlose-einwertung\/\">Kostenlose Einwertung<\/a><\/h2>\t\t\t\t<\/div>\n\t\t\t\t<\/div>\n\t\t\t\t\t<\/div>\n\t\t<\/div>\n\t\t\t\t<div class=\"elementor-column elementor-col-12 elementor-top-column elementor-element elementor-element-5cbf6aa0\" data-id=\"5cbf6aa0\" data-element_type=\"column\" data-e-type=\"column\">\n\t\t\t<div class=\"elementor-widget-wrap\">\n\t\t\t\t\t\t\t<\/div>\n\t\t<\/div>\n\t\t\t\t<div class=\"elementor-column elementor-col-12 elementor-top-column elementor-element elementor-element-1a71a864\" data-id=\"1a71a864\" data-element_type=\"column\" data-e-type=\"column\">\n\t\t\t<div class=\"elementor-widget-wrap\">\n\t\t\t\t\t\t\t<\/div>\n\t\t<\/div>\n\t\t\t\t<div class=\"elementor-column elementor-col-12 elementor-top-column elementor-element elementor-element-3f8ca7fe\" data-id=\"3f8ca7fe\" data-element_type=\"column\" data-e-type=\"column\">\n\t\t\t<div class=\"elementor-widget-wrap\">\n\t\t\t\t\t\t\t<\/div>\n\t\t<\/div>\n\t\t\t\t<div class=\"elementor-column elementor-col-12 elementor-top-column elementor-element elementor-element-5f4f6e97\" data-id=\"5f4f6e97\" data-element_type=\"column\" data-e-type=\"column\">\n\t\t\t<div class=\"elementor-widget-wrap\">\n\t\t\t\t\t\t\t<\/div>\n\t\t<\/div>\n\t\t\t\t\t<\/div>\n\t\t<\/section>\n\t\t\t\t<section class=\"elementor-section elementor-top-section elementor-element elementor-element-5b929bf7 elementor-section-stretched elementor-section-boxed elementor-section-height-default elementor-section-height-default\" data-id=\"5b929bf7\" data-element_type=\"section\" data-e-type=\"section\" data-settings=\"{&quot;stretch_section&quot;:&quot;section-stretched&quot;}\">\n\t\t\t\t\t\t\t<div class=\"elementor-background-overlay\"><\/div>\n\t\t\t\t\t\t\t<div class=\"elementor-container elementor-column-gap-default\">\n\t\t\t\t\t<div class=\"elementor-column elementor-col-100 elementor-top-column elementor-element elementor-element-5469011e\" data-id=\"5469011e\" data-element_type=\"column\" data-e-type=\"column\">\n\t\t\t<div class=\"elementor-widget-wrap elementor-element-populated\">\n\t\t\t\t\t\t<div class=\"elementor-element elementor-element-daf06fb elementor-widget elementor-widget-heading\" data-id=\"daf06fb\" data-element_type=\"widget\" data-e-type=\"widget\" data-widget_type=\"heading.default\">\n\t\t\t\t<div class=\"elementor-widget-container\">\n\t\t\t\t\t<h2 class=\"elementor-heading-title elementor-size-default\">Jetzt kostenlose Einwertung f\u00fcr Ihre Immobilie einholen<\/h2>\t\t\t\t<\/div>\n\t\t\t\t<\/div>\n\t\t\t\t<div class=\"elementor-element elementor-element-2400f75d elementor-widget elementor-widget-spacer\" data-id=\"2400f75d\" data-element_type=\"widget\" data-e-type=\"widget\" data-widget_type=\"spacer.default\">\n\t\t\t\t<div class=\"elementor-widget-container\">\n\t\t\t\t\t\t\t<div class=\"elementor-spacer\">\n\t\t\t<div class=\"elementor-spacer-inner\"><\/div>\n\t\t<\/div>\n\t\t\t\t\t\t<\/div>\n\t\t\t\t<\/div>\n\t\t\t\t<div class=\"elementor-element elementor-element-5c15c9ea elementor-widget elementor-widget-text-editor\" data-id=\"5c15c9ea\" data-element_type=\"widget\" data-e-type=\"widget\" data-widget_type=\"text-editor.default\">\n\t\t\t\t<div class=\"elementor-widget-container\">\n\t\t\t\t\t\t\t\t\t<p>Bitte klicken Sie sich durch das folgende Formular und f\u00fcllen m\u00f6glichst alle Felder aus. Einer unserer Experten wird sich dann mit Ihnen in Verbindung setzen. Im Normalfall ist es notwendig, dass unser Immobilienberater sich Ihre Immobilie vor Ort anschaut, um eine exaktere Einwertung vornehmen zu k\u00f6nnen. Falls ein Termin vor Ort nicht m\u00f6glich sein sollte, kann in Einzelf\u00e4llen eine Einwertung aus der Ferne vorgenommen werden, anhand der Immobiliendaten und der Adresse. Dieser Service der Einwertung ist kostenlos, auch wenn Sie sich im Nachhinein gegen einen Verkauf mit uns entscheiden sollten. Wir freuen uns darauf, Sie und Ihre Immobilie kennenzulernen.<\/p>\t\t\t\t\t\t\t\t<\/div>\n\t\t\t\t<\/div>\n\t\t\t\t\t<\/div>\n\t\t<\/div>\n\t\t\t\t\t<\/div>\n\t\t<\/section>\n\t\t\t\t<section class=\"elementor-section elementor-top-section elementor-element elementor-element-f871e97 elementor-section-boxed elementor-section-height-default elementor-section-height-default\" data-id=\"f871e97\" data-element_type=\"section\" data-e-type=\"section\">\n\t\t\t\t\t\t<div class=\"elementor-container elementor-column-gap-default\">\n\t\t\t\t\t<div class=\"elementor-column elementor-col-100 elementor-top-column elementor-element elementor-element-3d7d560\" data-id=\"3d7d560\" data-element_type=\"column\" data-e-type=\"column\">\n\t\t\t<div class=\"elementor-widget-wrap elementor-element-populated\">\n\t\t\t\t\t\t<div class=\"elementor-element elementor-element-b12bbd5 elementor-widget elementor-widget-spacer\" data-id=\"b12bbd5\" data-element_type=\"widget\" data-e-type=\"widget\" data-widget_type=\"spacer.default\">\n\t\t\t\t<div class=\"elementor-widget-container\">\n\t\t\t\t\t\t\t<div class=\"elementor-spacer\">\n\t\t\t<div class=\"elementor-spacer-inner\"><\/div>\n\t\t<\/div>\n\t\t\t\t\t\t<\/div>\n\t\t\t\t<\/div>\n\t\t\t\t<div class=\"elementor-element elementor-element-7e52497 elementor-invisible elementor-widget elementor-widget-html\" data-id=\"7e52497\" data-element_type=\"widget\" data-e-type=\"widget\" data-settings=\"{&quot;_animation&quot;:&quot;zoomIn&quot;}\" data-widget_type=\"html.default\">\n\t\t\t\t<div class=\"elementor-widget-container\">\n\t\t\t\t\t<iframe src=\"https:\/\/smartsite2.myonoffice.de\/kunden\/holzmueller\/171\/startseite.xhtml\" width=\"100%\" scrolling=\"no\" scrolling=\"no\" frameborder=\"0\" marginheight=\"0px\" marginwidth=\"0px\"><\/iframe>\n\n<script type=\"text\/javascript\">\n\n\tiFrameResize({\n\t\tlog                     : false,                  \/\/ Enable console logging\n\t\tenablePublicMethods     : true,                  \/\/ Enable methods within iframe hosted page\n\t\tresizedCallback         : function(messageData){ \/\/ Callback fn when resize is received\n\t\t\t$('p#callback').html(\n\t\t\t\t'<b>Frame ID:<\/b> '    + messageData.iframe.id +\n\t\t\t\t' <b>Height:<\/b> '     + messageData.height +\n\t\t\t\t' <b>Width:<\/b> '      + messageData.width + \n\t\t\t\t' <b>Event type:<\/b> ' + messageData.type\n\t\t\t);\n\t\t},\n\t\tmessageCallback         : function(messageData){ \/\/ Callback fn when message is received\n\t\t\t$('p#callback').html(\n\t\t\t\t'<b>Frame ID:<\/b> '    + messageData.iframe.id +\n\t\t\t\t' <b>Message:<\/b> '    + messageData.message\n\t\t\t);\n\t\t\talert(messageData.message);\n\t\t},\n\t\tclosedCallback         : function(id){ \/\/ Callback fn when iFrame is closed\n\t\t\t$('p#callback').html(\n\t\t\t\t'<b>IFrame (<\/b>'    + id +\n\t\t\t\t'<b>) removed from page.<\/b>'\n\t\t\t);\n\t\t}\n\t});\n\n\n<\/script>\n\t\t\t\t<\/div>\n\t\t\t\t<\/div>\n\t\t\t\t\t<\/div>\n\t\t<\/div>\n\t\t\t\t\t<\/div>\n\t\t<\/section>\n\t\t\t\t<\/div>\n\t\t","protected":false},"excerpt":{"rendered":"<p>Startseite \/ Verkaufen \/ Kostenlose Einwertung Jetzt kostenlose Einwertung f\u00fcr Ihre Immobilie einholen Bitte klicken Sie sich durch das folgende Formular und f\u00fcllen m\u00f6glichst alle Felder aus. Einer unserer Experten wird sich dann mit Ihnen in Verbindung setzen. Im Normalfall ist es notwendig, dass unser Immobilienberater sich Ihre Immobilie vor Ort anschaut, um eine exaktere [&hellip;]<\/p>\n","protected":false},"author":4,"featured_media":2516,"parent":310,"menu_order":0,"comment_status":"closed","ping_status":"closed","template":"","meta":{"_acf_changed":false,"footnotes":""},"class_list":["post-314","page","type-page","status-publish","has-post-thumbnail","hentry"],"acf":[],"yoast_head":"<!-- This site is optimized with the Yoast SEO plugin v27.5 - https:\/\/yoast.com\/product\/yoast-seo-wordpress\/ -->\n<title>Kostenlose Einwertung - Luxus Immobilien Mallorca<\/title>\n<meta name=\"robots\" content=\"index, follow, max-snippet:-1, max-image-preview:large, max-video-preview:-1\" \/>\n<link rel=\"canonical\" href=\"https:\/\/www.luxusimmomallorca.com\/en\/verkaufen\/kostenlose-einwertung\/\" \/>\n<meta property=\"og:locale\" content=\"en_US\" \/>\n<meta property=\"og:type\" content=\"article\" \/>\n<meta property=\"og:title\" content=\"Kostenlose Einwertung - Luxus Immobilien Mallorca\" \/>\n<meta property=\"og:description\" content=\"Startseite \/ Verkaufen \/ Kostenlose Einwertung Jetzt kostenlose Einwertung f\u00fcr Ihre Immobilie einholen Bitte klicken Sie sich durch das folgende Formular und f\u00fcllen m\u00f6glichst alle Felder aus. Einer unserer Experten wird sich dann mit Ihnen in Verbindung setzen. Im Normalfall ist es notwendig, dass unser Immobilienberater sich Ihre Immobilie vor Ort anschaut, um eine exaktere [&hellip;]\" \/>\n<meta property=\"og:url\" content=\"https:\/\/www.luxusimmomallorca.com\/en\/verkaufen\/kostenlose-einwertung\/\" \/>\n<meta property=\"og:site_name\" content=\"Luxus Immobilien Mallorca\" \/>\n<meta property=\"article:publisher\" content=\"https:\/\/www.facebook.com\/apartbalear\/\" \/>\n<meta property=\"article:modified_time\" content=\"2021-06-21T09:40:43+00:00\" \/>\n<meta property=\"og:image\" content=\"https:\/\/acnaayzuen.cloudimg.io\/v7\/www.luxusimmomallorca.com\/wp-content\/uploads\/2021\/05\/Son-Vida-Front-Air-1740x960-c-center-1.jpg\" \/>\n\t<meta property=\"og:image:width\" content=\"1740\" \/>\n\t<meta property=\"og:image:height\" content=\"960\" \/>\n\t<meta property=\"og:image:type\" content=\"image\/jpeg\" \/>\n<meta name=\"twitter:card\" content=\"summary_large_image\" \/>\n<meta name=\"twitter:label1\" content=\"Est. reading time\" \/>\n\t<meta name=\"twitter:data1\" content=\"1 minute\" \/>\n<script type=\"application\/ld+json\" class=\"yoast-schema-graph\">{\"@context\":\"https:\\\/\\\/schema.org\",\"@graph\":[{\"@type\":\"WebPage\",\"@id\":\"https:\\\/\\\/www.luxusimmomallorca.com\\\/en\\\/verkaufen\\\/kostenlose-einwertung\\\/\",\"url\":\"https:\\\/\\\/www.luxusimmomallorca.com\\\/en\\\/verkaufen\\\/kostenlose-einwertung\\\/\",\"name\":\"Kostenlose Einwertung - Luxus Immobilien Mallorca\",\"isPartOf\":{\"@id\":\"https:\\\/\\\/www.luxusimmomallorca.com\\\/en\\\/#website\"},\"primaryImageOfPage\":{\"@id\":\"https:\\\/\\\/www.luxusimmomallorca.com\\\/en\\\/verkaufen\\\/kostenlose-einwertung\\\/#primaryimage\"},\"image\":{\"@id\":\"https:\\\/\\\/www.luxusimmomallorca.com\\\/en\\\/verkaufen\\\/kostenlose-einwertung\\\/#primaryimage\"},\"thumbnailUrl\":\"https:\\\/\\\/acnaayzuen.cloudimg.io\\\/v7\\\/www.luxusimmomallorca.com\\\/wp-content\\\/uploads\\\/2021\\\/05\\\/Son-Vida-Front-Air-1740x960-c-center-1.jpg\",\"datePublished\":\"2019-08-21T13:34:26+00:00\",\"dateModified\":\"2021-06-21T09:40:43+00:00\",\"breadcrumb\":{\"@id\":\"https:\\\/\\\/www.luxusimmomallorca.com\\\/en\\\/verkaufen\\\/kostenlose-einwertung\\\/#breadcrumb\"},\"inLanguage\":\"en-US\",\"potentialAction\":[{\"@type\":\"ReadAction\",\"target\":[\"https:\\\/\\\/www.luxusimmomallorca.com\\\/en\\\/verkaufen\\\/kostenlose-einwertung\\\/\"]}]},{\"@type\":\"ImageObject\",\"inLanguage\":\"en-US\",\"@id\":\"https:\\\/\\\/www.luxusimmomallorca.com\\\/en\\\/verkaufen\\\/kostenlose-einwertung\\\/#primaryimage\",\"url\":\"https:\\\/\\\/acnaayzuen.cloudimg.io\\\/v7\\\/www.luxusimmomallorca.com\\\/wp-content\\\/uploads\\\/2021\\\/05\\\/Son-Vida-Front-Air-1740x960-c-center-1.jpg\",\"contentUrl\":\"https:\\\/\\\/acnaayzuen.cloudimg.io\\\/v7\\\/www.luxusimmomallorca.com\\\/wp-content\\\/uploads\\\/2021\\\/05\\\/Son-Vida-Front-Air-1740x960-c-center-1.jpg\",\"width\":1740,\"height\":960},{\"@type\":\"BreadcrumbList\",\"@id\":\"https:\\\/\\\/www.luxusimmomallorca.com\\\/en\\\/verkaufen\\\/kostenlose-einwertung\\\/#breadcrumb\",\"itemListElement\":[{\"@type\":\"ListItem\",\"position\":1,\"name\":\"Startseite\",\"item\":\"https:\\\/\\\/www.luxusimmomallorca.com\\\/en\\\/beispiel-seite\\\/\"},{\"@type\":\"ListItem\",\"position\":2,\"name\":\"Verkaufen\",\"item\":\"https:\\\/\\\/www.luxusimmomallorca.com\\\/en\\\/verkaufen\\\/\"},{\"@type\":\"ListItem\",\"position\":3,\"name\":\"Kostenlose Einwertung\"}]},{\"@type\":\"WebSite\",\"@id\":\"https:\\\/\\\/www.luxusimmomallorca.com\\\/en\\\/#website\",\"url\":\"https:\\\/\\\/www.luxusimmomallorca.com\\\/en\\\/\",\"name\":\"Luxus Immobilien Mallorca\",\"description\":\"Das Portal f\u00fcr Luxusimmobilien auf Mallorca\",\"publisher\":{\"@id\":\"https:\\\/\\\/www.luxusimmomallorca.com\\\/en\\\/#organization\"},\"potentialAction\":[{\"@type\":\"SearchAction\",\"target\":{\"@type\":\"EntryPoint\",\"urlTemplate\":\"https:\\\/\\\/www.luxusimmomallorca.com\\\/en\\\/?s={search_term_string}\"},\"query-input\":{\"@type\":\"PropertyValueSpecification\",\"valueRequired\":true,\"valueName\":\"search_term_string\"}}],\"inLanguage\":\"en-US\"},{\"@type\":\"Organization\",\"@id\":\"https:\\\/\\\/www.luxusimmomallorca.com\\\/en\\\/#organization\",\"name\":\"APART BALEAR\",\"url\":\"https:\\\/\\\/www.luxusimmomallorca.com\\\/en\\\/\",\"logo\":{\"@type\":\"ImageObject\",\"inLanguage\":\"en-US\",\"@id\":\"https:\\\/\\\/www.luxusimmomallorca.com\\\/en\\\/#\\\/schema\\\/logo\\\/image\\\/\",\"url\":\"https:\\\/\\\/www.luxusimmomallorca.com\\\/wp-content\\\/uploads\\\/2020\\\/06\\\/apart-favicon.png\",\"contentUrl\":\"https:\\\/\\\/www.luxusimmomallorca.com\\\/wp-content\\\/uploads\\\/2020\\\/06\\\/apart-favicon.png\",\"width\":512,\"height\":512,\"caption\":\"APART BALEAR\"},\"image\":{\"@id\":\"https:\\\/\\\/www.luxusimmomallorca.com\\\/en\\\/#\\\/schema\\\/logo\\\/image\\\/\"},\"sameAs\":[\"https:\\\/\\\/www.facebook.com\\\/apartbalear\\\/\",\"https:\\\/\\\/www.instagram.com\\\/apartbalear\\\/\",\"https:\\\/\\\/www.youtube.com\\\/channel\\\/UCqNKScPRjmHO2EEBmSJhwSg\"]}]}<\/script>\n<!-- \/ Yoast SEO plugin. -->","yoast_head_json":{"title":"Kostenlose Einwertung - Luxus Immobilien Mallorca","robots":{"index":"index","follow":"follow","max-snippet":"max-snippet:-1","max-image-preview":"max-image-preview:large","max-video-preview":"max-video-preview:-1"},"canonical":"https:\/\/www.luxusimmomallorca.com\/en\/verkaufen\/kostenlose-einwertung\/","og_locale":"en_US","og_type":"article","og_title":"Kostenlose Einwertung - Luxus Immobilien Mallorca","og_description":"Startseite \/ Verkaufen \/ Kostenlose Einwertung Jetzt kostenlose Einwertung f\u00fcr Ihre Immobilie einholen Bitte klicken Sie sich durch das folgende Formular und f\u00fcllen m\u00f6glichst alle Felder aus. Einer unserer Experten wird sich dann mit Ihnen in Verbindung setzen. Im Normalfall ist es notwendig, dass unser Immobilienberater sich Ihre Immobilie vor Ort anschaut, um eine exaktere [&hellip;]","og_url":"https:\/\/www.luxusimmomallorca.com\/en\/verkaufen\/kostenlose-einwertung\/","og_site_name":"Luxus Immobilien Mallorca","article_publisher":"https:\/\/www.facebook.com\/apartbalear\/","article_modified_time":"2021-06-21T09:40:43+00:00","og_image":[{"width":1740,"height":960,"url":"https:\/\/acnaayzuen.cloudimg.io\/v7\/www.luxusimmomallorca.com\/wp-content\/uploads\/2021\/05\/Son-Vida-Front-Air-1740x960-c-center-1.jpg","type":"image\/jpeg"}],"twitter_card":"summary_large_image","twitter_misc":{"Est. reading time":"1 minute"},"schema":{"@context":"https:\/\/schema.org","@graph":[{"@type":"WebPage","@id":"https:\/\/www.luxusimmomallorca.com\/en\/verkaufen\/kostenlose-einwertung\/","url":"https:\/\/www.luxusimmomallorca.com\/en\/verkaufen\/kostenlose-einwertung\/","name":"Kostenlose Einwertung - Luxus Immobilien Mallorca","isPartOf":{"@id":"https:\/\/www.luxusimmomallorca.com\/en\/#website"},"primaryImageOfPage":{"@id":"https:\/\/www.luxusimmomallorca.com\/en\/verkaufen\/kostenlose-einwertung\/#primaryimage"},"image":{"@id":"https:\/\/www.luxusimmomallorca.com\/en\/verkaufen\/kostenlose-einwertung\/#primaryimage"},"thumbnailUrl":"https:\/\/acnaayzuen.cloudimg.io\/v7\/www.luxusimmomallorca.com\/wp-content\/uploads\/2021\/05\/Son-Vida-Front-Air-1740x960-c-center-1.jpg","datePublished":"2019-08-21T13:34:26+00:00","dateModified":"2021-06-21T09:40:43+00:00","breadcrumb":{"@id":"https:\/\/www.luxusimmomallorca.com\/en\/verkaufen\/kostenlose-einwertung\/#breadcrumb"},"inLanguage":"en-US","potentialAction":[{"@type":"ReadAction","target":["https:\/\/www.luxusimmomallorca.com\/en\/verkaufen\/kostenlose-einwertung\/"]}]},{"@type":"ImageObject","inLanguage":"en-US","@id":"https:\/\/www.luxusimmomallorca.com\/en\/verkaufen\/kostenlose-einwertung\/#primaryimage","url":"https:\/\/acnaayzuen.cloudimg.io\/v7\/www.luxusimmomallorca.com\/wp-content\/uploads\/2021\/05\/Son-Vida-Front-Air-1740x960-c-center-1.jpg","contentUrl":"https:\/\/acnaayzuen.cloudimg.io\/v7\/www.luxusimmomallorca.com\/wp-content\/uploads\/2021\/05\/Son-Vida-Front-Air-1740x960-c-center-1.jpg","width":1740,"height":960},{"@type":"BreadcrumbList","@id":"https:\/\/www.luxusimmomallorca.com\/en\/verkaufen\/kostenlose-einwertung\/#breadcrumb","itemListElement":[{"@type":"ListItem","position":1,"name":"Startseite","item":"https:\/\/www.luxusimmomallorca.com\/en\/beispiel-seite\/"},{"@type":"ListItem","position":2,"name":"Verkaufen","item":"https:\/\/www.luxusimmomallorca.com\/en\/verkaufen\/"},{"@type":"ListItem","position":3,"name":"Kostenlose Einwertung"}]},{"@type":"WebSite","@id":"https:\/\/www.luxusimmomallorca.com\/en\/#website","url":"https:\/\/www.luxusimmomallorca.com\/en\/","name":"Luxus Immobilien Mallorca","description":"Das Portal f\u00fcr Luxusimmobilien auf Mallorca","publisher":{"@id":"https:\/\/www.luxusimmomallorca.com\/en\/#organization"},"potentialAction":[{"@type":"SearchAction","target":{"@type":"EntryPoint","urlTemplate":"https:\/\/www.luxusimmomallorca.com\/en\/?s={search_term_string}"},"query-input":{"@type":"PropertyValueSpecification","valueRequired":true,"valueName":"search_term_string"}}],"inLanguage":"en-US"},{"@type":"Organization","@id":"https:\/\/www.luxusimmomallorca.com\/en\/#organization","name":"APART BALEAR","url":"https:\/\/www.luxusimmomallorca.com\/en\/","logo":{"@type":"ImageObject","inLanguage":"en-US","@id":"https:\/\/www.luxusimmomallorca.com\/en\/#\/schema\/logo\/image\/","url":"https:\/\/www.luxusimmomallorca.com\/wp-content\/uploads\/2020\/06\/apart-favicon.png","contentUrl":"https:\/\/www.luxusimmomallorca.com\/wp-content\/uploads\/2020\/06\/apart-favicon.png","width":512,"height":512,"caption":"APART BALEAR"},"image":{"@id":"https:\/\/www.luxusimmomallorca.com\/en\/#\/schema\/logo\/image\/"},"sameAs":["https:\/\/www.facebook.com\/apartbalear\/","https:\/\/www.instagram.com\/apartbalear\/","https:\/\/www.youtube.com\/channel\/UCqNKScPRjmHO2EEBmSJhwSg"]}]}},"_links":{"self":[{"href":"https:\/\/www.luxusimmomallorca.com\/en\/wp-json\/wp\/v2\/pages\/314","targetHints":{"allow":["GET"]}}],"collection":[{"href":"https:\/\/www.luxusimmomallorca.com\/en\/wp-json\/wp\/v2\/pages"}],"about":[{"href":"https:\/\/www.luxusimmomallorca.com\/en\/wp-json\/wp\/v2\/types\/page"}],"author":[{"embeddable":true,"href":"https:\/\/www.luxusimmomallorca.com\/en\/wp-json\/wp\/v2\/users\/4"}],"replies":[{"embeddable":true,"href":"https:\/\/www.luxusimmomallorca.com\/en\/wp-json\/wp\/v2\/comments?post=314"}],"version-history":[{"count":43,"href":"https:\/\/www.luxusimmomallorca.com\/en\/wp-json\/wp\/v2\/pages\/314\/revisions"}],"predecessor-version":[{"id":3628,"href":"https:\/\/www.luxusimmomallorca.com\/en\/wp-json\/wp\/v2\/pages\/314\/revisions\/3628"}],"up":[{"embeddable":true,"href":"https:\/\/www.luxusimmomallorca.com\/en\/wp-json\/wp\/v2\/pages\/310"}],"wp:featuredmedia":[{"embeddable":true,"href":"https:\/\/www.luxusimmomallorca.com\/en\/wp-json\/wp\/v2\/media\/2516"}],"wp:attachment":[{"href":"https:\/\/www.luxusimmomallorca.com\/en\/wp-json\/wp\/v2\/media?parent=314"}],"curies":[{"name":"wp","href":"https:\/\/api.w.org\/{rel}","templated":true}]}}