{"id":475,"date":"2020-02-23T11:19:46","date_gmt":"2020-02-23T10:19:46","guid":{"rendered":"https:\/\/www.luxusimmomallorca.com\/?page_id=475"},"modified":"2021-07-05T10:34:36","modified_gmt":"2021-07-05T08:34:36","slug":"suchservice-einrichten","status":"publish","type":"page","link":"https:\/\/www.luxusimmomallorca.com\/es\/immobilien\/suchservice-einrichten\/","title":{"rendered":"Suchservice einrichten"},"content":{"rendered":"\t\t<div data-elementor-type=\"wp-page\" data-elementor-id=\"475\" class=\"elementor elementor-475 elementor-206\" data-elementor-post-type=\"page\">\n\t\t\t\t\t\t<section class=\"elementor-section elementor-top-section elementor-element elementor-element-767e7eff elementor-section-boxed elementor-section-height-default elementor-section-height-default\" data-id=\"767e7eff\" data-element_type=\"section\" data-e-type=\"section\">\n\t\t\t\t\t\t<div class=\"elementor-container elementor-column-gap-default\">\n\t\t\t\t\t<div class=\"elementor-column elementor-col-12 elementor-top-column elementor-element elementor-element-74a9c8ca\" data-id=\"74a9c8ca\" data-element_type=\"column\" data-e-type=\"column\">\n\t\t\t<div class=\"elementor-widget-wrap\">\n\t\t\t\t\t\t\t<\/div>\n\t\t<\/div>\n\t\t\t\t<div class=\"elementor-column elementor-col-12 elementor-top-column elementor-element elementor-element-7463bab1\" data-id=\"7463bab1\" data-element_type=\"column\" data-e-type=\"column\">\n\t\t\t<div class=\"elementor-widget-wrap elementor-element-populated\">\n\t\t\t\t\t\t<div class=\"elementor-element elementor-element-1808784c elementor-widget elementor-widget-heading\" data-id=\"1808784c\" data-element_type=\"widget\" data-e-type=\"widget\" data-widget_type=\"heading.default\">\n\t\t\t\t<div class=\"elementor-widget-container\">\n\t\t\t\t\t<h2 class=\"elementor-heading-title elementor-size-default\"><a href=\"https:\/\/www.luxusimmomallorca.com\/es\/\">Startseite \/<\/a><\/h2>\t\t\t\t<\/div>\n\t\t\t\t<\/div>\n\t\t\t\t\t<\/div>\n\t\t<\/div>\n\t\t\t\t<div class=\"elementor-column elementor-col-12 elementor-top-column elementor-element elementor-element-7722ef14\" data-id=\"7722ef14\" data-element_type=\"column\" data-e-type=\"column\">\n\t\t\t<div class=\"elementor-widget-wrap elementor-element-populated\">\n\t\t\t\t\t\t<div class=\"elementor-element elementor-element-5bb845a elementor-widget elementor-widget-heading\" data-id=\"5bb845a\" data-element_type=\"widget\" data-e-type=\"widget\" data-widget_type=\"heading.default\">\n\t\t\t\t<div class=\"elementor-widget-container\">\n\t\t\t\t\t<h2 class=\"elementor-heading-title elementor-size-default\"><a href=\"https:\/\/www.luxusimmomallorca.com\/es\/immobilien\/\">Immobilien \/<\/a><\/h2>\t\t\t\t<\/div>\n\t\t\t\t<\/div>\n\t\t\t\t\t<\/div>\n\t\t<\/div>\n\t\t\t\t<div class=\"elementor-column elementor-col-12 elementor-top-column elementor-element elementor-element-5a24c0e1\" data-id=\"5a24c0e1\" data-element_type=\"column\" data-e-type=\"column\">\n\t\t\t<div class=\"elementor-widget-wrap elementor-element-populated\">\n\t\t\t\t\t\t<div class=\"elementor-element elementor-element-6defe579 elementor-widget elementor-widget-heading\" data-id=\"6defe579\" data-element_type=\"widget\" data-e-type=\"widget\" data-widget_type=\"heading.default\">\n\t\t\t\t<div class=\"elementor-widget-container\">\n\t\t\t\t\t<h2 class=\"elementor-heading-title elementor-size-default\"><a href=\"https:\/\/www.luxusimmomallorca.com\/es\/immobilien\/suchservice-einrichten\/\">Suchservice einrichten<\/a><\/h2>\t\t\t\t<\/div>\n\t\t\t\t<\/div>\n\t\t\t\t\t<\/div>\n\t\t<\/div>\n\t\t\t\t<div class=\"elementor-column elementor-col-12 elementor-top-column elementor-element elementor-element-7d3c0133\" data-id=\"7d3c0133\" data-element_type=\"column\" data-e-type=\"column\">\n\t\t\t<div class=\"elementor-widget-wrap\">\n\t\t\t\t\t\t\t<\/div>\n\t\t<\/div>\n\t\t\t\t<div class=\"elementor-column elementor-col-12 elementor-top-column elementor-element elementor-element-4fd1b06f\" data-id=\"4fd1b06f\" data-element_type=\"column\" data-e-type=\"column\">\n\t\t\t<div class=\"elementor-widget-wrap\">\n\t\t\t\t\t\t\t<\/div>\n\t\t<\/div>\n\t\t\t\t<div class=\"elementor-column elementor-col-12 elementor-top-column elementor-element elementor-element-27418152\" data-id=\"27418152\" data-element_type=\"column\" data-e-type=\"column\">\n\t\t\t<div class=\"elementor-widget-wrap\">\n\t\t\t\t\t\t\t<\/div>\n\t\t<\/div>\n\t\t\t\t<div class=\"elementor-column elementor-col-12 elementor-top-column elementor-element elementor-element-374c1c09\" data-id=\"374c1c09\" data-element_type=\"column\" data-e-type=\"column\">\n\t\t\t<div class=\"elementor-widget-wrap\">\n\t\t\t\t\t\t\t<\/div>\n\t\t<\/div>\n\t\t\t\t\t<\/div>\n\t\t<\/section>\n\t\t\t\t<section class=\"elementor-section elementor-top-section elementor-element elementor-element-743cd8c1 elementor-section-stretched elementor-section-boxed elementor-section-height-default elementor-section-height-default\" data-id=\"743cd8c1\" data-element_type=\"section\" data-e-type=\"section\" data-settings=\"{&quot;stretch_section&quot;:&quot;section-stretched&quot;,&quot;background_background&quot;:&quot;classic&quot;}\">\n\t\t\t\t\t\t\t<div class=\"elementor-background-overlay\"><\/div>\n\t\t\t\t\t\t\t<div class=\"elementor-container elementor-column-gap-default\">\n\t\t\t\t\t<div class=\"elementor-column elementor-col-100 elementor-top-column elementor-element elementor-element-4aeea8a2\" data-id=\"4aeea8a2\" data-element_type=\"column\" data-e-type=\"column\">\n\t\t\t<div class=\"elementor-widget-wrap elementor-element-populated\">\n\t\t\t\t\t\t<div class=\"elementor-element elementor-element-2f78c4c3 elementor-widget elementor-widget-spacer\" data-id=\"2f78c4c3\" data-element_type=\"widget\" data-e-type=\"widget\" data-widget_type=\"spacer.default\">\n\t\t\t\t<div class=\"elementor-widget-container\">\n\t\t\t\t\t\t\t<div class=\"elementor-spacer\">\n\t\t\t<div class=\"elementor-spacer-inner\"><\/div>\n\t\t<\/div>\n\t\t\t\t\t\t<\/div>\n\t\t\t\t<\/div>\n\t\t\t\t<div class=\"elementor-element elementor-element-641f0c83 elementor-widget elementor-widget-heading\" data-id=\"641f0c83\" data-element_type=\"widget\" data-e-type=\"widget\" data-widget_type=\"heading.default\">\n\t\t\t\t<div class=\"elementor-widget-container\">\n\t\t\t\t\t<h2 class=\"elementor-heading-title elementor-size-default\">Jetzt pers\u00f6nlichen Suchservice einrichten<\/h2>\t\t\t\t<\/div>\n\t\t\t\t<\/div>\n\t\t\t\t<div class=\"elementor-element elementor-element-3c6712cf elementor-widget elementor-widget-text-editor\" data-id=\"3c6712cf\" data-element_type=\"widget\" data-e-type=\"widget\" data-widget_type=\"text-editor.default\">\n\t\t\t\t<div class=\"elementor-widget-container\">\n\t\t\t\t\t\t\t\t\t<p>Sie haben noch immer nicht Ihre Traumimmobilie auf Mallorca? Nutzen Sie jetzt ganz einfach unseren kostenlosen Suchservice. Ihr pers\u00f6nlicher Immobilienberater vor Ort wird sich f\u00fcr Sie auf intensive Suche begeben, d.h. er wird Ihnen nicht nur die gelisteten Immobilie vorstellen, sondern auch mit allen bestehenden Partnern gezielt kooperieren, um f\u00fcr Sie die ideale Immobilie zu finden. Wenn Sie Ihr Suchgebiet bereits stark eingegrenzt haben, wird Ihr pers\u00f6nlicher Berater dort gezielt auf Eigent\u00fcmer zugehen, um neue Immobilien Ihnen als erstes anbieten zu k\u00f6nnen. Wir freuen uns von Ihnen zu h\u00f6ren. Dieser Service ist unverbindlich und komplett kostenlos f\u00fcr Sie.<\/p>\n\t\t\t\t\t\t\t\t<\/div>\n\t\t\t\t<\/div>\n\t\t\t\t<div class=\"elementor-element elementor-element-61030b77 elementor-widget elementor-widget-spacer\" data-id=\"61030b77\" data-element_type=\"widget\" data-e-type=\"widget\" data-widget_type=\"spacer.default\">\n\t\t\t\t<div class=\"elementor-widget-container\">\n\t\t\t\t\t\t\t<div class=\"elementor-spacer\">\n\t\t\t<div class=\"elementor-spacer-inner\"><\/div>\n\t\t<\/div>\n\t\t\t\t\t\t<\/div>\n\t\t\t\t<\/div>\n\t\t\t\t\t<\/div>\n\t\t<\/div>\n\t\t\t\t\t<\/div>\n\t\t<\/section>\n\t\t\t\t<section class=\"elementor-section elementor-top-section elementor-element elementor-element-aa88406 elementor-section-boxed elementor-section-height-default elementor-section-height-default\" data-id=\"aa88406\" data-element_type=\"section\" data-e-type=\"section\">\n\t\t\t\t\t\t<div class=\"elementor-container elementor-column-gap-default\">\n\t\t\t\t\t<div class=\"elementor-column elementor-col-100 elementor-top-column elementor-element elementor-element-fd44a34\" data-id=\"fd44a34\" data-element_type=\"column\" data-e-type=\"column\">\n\t\t\t<div class=\"elementor-widget-wrap elementor-element-populated\">\n\t\t\t\t\t\t<div class=\"elementor-element elementor-element-4407a77 elementor-widget elementor-widget-html\" data-id=\"4407a77\" data-element_type=\"widget\" data-e-type=\"widget\" data-widget_type=\"html.default\">\n\t\t\t\t<div class=\"elementor-widget-container\">\n\t\t\t\t\t\n\n<script type=\"text\/javascript\" src=\"https:\/\/res.onoffice.de\/template\/repository\/iframeresizer\/iframeResizer.min.js\"><\/script><iframe src=\"https:\/\/smartsite2.myonoffice.de\/kunden\/holzmueller\/191\/interessentenformular.xhtml?language=ESP\" id=\"ooimmoframe\" name=\"ooimmoframe\" width=\"100%\" height=\"1000\" scrolling=\"no\" frameborder=\"0\" marginheight=\"0px\" marginwidth=\"0px\"><\/iframe><script type=\"text\/javascript\" src=\"https:\/\/res.onoffice.de\/template\/repository\/iframeresizer\/ooiframe.js\"><\/script>\t\t\t\t<\/div>\n\t\t\t\t<\/div>\n\t\t\t\t\t<\/div>\n\t\t<\/div>\n\t\t\t\t\t<\/div>\n\t\t<\/section>\n\t\t\t\t<\/div>\n\t\t","protected":false},"excerpt":{"rendered":"<p>Startseite \/ Immobilien \/ Suchservice einrichten Jetzt pers\u00f6nlichen Suchservice einrichten Sie haben noch immer nicht Ihre Traumimmobilie auf Mallorca? Nutzen Sie jetzt ganz einfach unseren kostenlosen Suchservice. Ihr pers\u00f6nlicher Immobilienberater vor Ort wird sich f\u00fcr Sie auf intensive Suche begeben, d.h. er wird Ihnen nicht nur die gelisteten Immobilie vorstellen, sondern auch mit allen bestehenden [&hellip;]<\/p>\n","protected":false},"author":4,"featured_media":2517,"parent":434,"menu_order":0,"comment_status":"closed","ping_status":"closed","template":"","meta":{"_acf_changed":false,"footnotes":""},"class_list":["post-475","page","type-page","status-publish","has-post-thumbnail","hentry"],"acf":[],"yoast_head":"<!-- This site is optimized with the Yoast SEO plugin v27.5 - https:\/\/yoast.com\/product\/yoast-seo-wordpress\/ -->\n<title>Suchservice einrichten - Luxus Immobilien Mallorca<\/title>\n<meta name=\"robots\" content=\"index, follow, max-snippet:-1, max-image-preview:large, max-video-preview:-1\" \/>\n<link rel=\"canonical\" href=\"https:\/\/www.luxusimmomallorca.com\/es\/immobilien\/suchservice-einrichten\/\" \/>\n<meta property=\"og:locale\" content=\"es_ES\" \/>\n<meta property=\"og:type\" content=\"article\" \/>\n<meta property=\"og:title\" content=\"Suchservice einrichten - Luxus Immobilien Mallorca\" \/>\n<meta property=\"og:description\" content=\"Startseite \/ Immobilien \/ Suchservice einrichten Jetzt pers\u00f6nlichen Suchservice einrichten Sie haben noch immer nicht Ihre Traumimmobilie auf Mallorca? Nutzen Sie jetzt ganz einfach unseren kostenlosen Suchservice. Ihr pers\u00f6nlicher Immobilienberater vor Ort wird sich f\u00fcr Sie auf intensive Suche begeben, d.h. er wird Ihnen nicht nur die gelisteten Immobilie vorstellen, sondern auch mit allen bestehenden [&hellip;]\" \/>\n<meta property=\"og:url\" content=\"https:\/\/www.luxusimmomallorca.com\/es\/immobilien\/suchservice-einrichten\/\" \/>\n<meta property=\"og:site_name\" content=\"Luxus Immobilien Mallorca\" \/>\n<meta property=\"article:publisher\" content=\"https:\/\/www.facebook.com\/apartbalear\/\" \/>\n<meta property=\"article:modified_time\" content=\"2021-07-05T08:34:36+00:00\" \/>\n<meta property=\"og:image\" content=\"https:\/\/acnaayzuen.cloudimg.io\/v7\/www.luxusimmomallorca.com\/wp-content\/uploads\/2021\/05\/Son-Vida-Front-Air-1740x960-c-center-1.jpg\" \/>\n\t<meta property=\"og:image:width\" content=\"1740\" \/>\n\t<meta property=\"og:image:height\" content=\"960\" \/>\n\t<meta property=\"og:image:type\" content=\"image\/jpeg\" \/>\n<meta name=\"twitter:card\" content=\"summary_large_image\" \/>\n<meta name=\"twitter:label1\" content=\"Tiempo de lectura\" \/>\n\t<meta name=\"twitter:data1\" content=\"1 minuto\" \/>\n<script type=\"application\/ld+json\" class=\"yoast-schema-graph\">{\"@context\":\"https:\\\/\\\/schema.org\",\"@graph\":[{\"@type\":\"WebPage\",\"@id\":\"https:\\\/\\\/www.luxusimmomallorca.com\\\/es\\\/immobilien\\\/suchservice-einrichten\\\/\",\"url\":\"https:\\\/\\\/www.luxusimmomallorca.com\\\/es\\\/immobilien\\\/suchservice-einrichten\\\/\",\"name\":\"Suchservice einrichten - Luxus Immobilien Mallorca\",\"isPartOf\":{\"@id\":\"https:\\\/\\\/www.luxusimmomallorca.com\\\/es\\\/#website\"},\"primaryImageOfPage\":{\"@id\":\"https:\\\/\\\/www.luxusimmomallorca.com\\\/es\\\/immobilien\\\/suchservice-einrichten\\\/#primaryimage\"},\"image\":{\"@id\":\"https:\\\/\\\/www.luxusimmomallorca.com\\\/es\\\/immobilien\\\/suchservice-einrichten\\\/#primaryimage\"},\"thumbnailUrl\":\"https:\\\/\\\/acnaayzuen.cloudimg.io\\\/v7\\\/www.luxusimmomallorca.com\\\/wp-content\\\/uploads\\\/2021\\\/05\\\/Son-Vida-Front-Air-1740x960-c-center-1.jpg\",\"datePublished\":\"2020-02-23T10:19:46+00:00\",\"dateModified\":\"2021-07-05T08:34:36+00:00\",\"breadcrumb\":{\"@id\":\"https:\\\/\\\/www.luxusimmomallorca.com\\\/es\\\/immobilien\\\/suchservice-einrichten\\\/#breadcrumb\"},\"inLanguage\":\"es\",\"potentialAction\":[{\"@type\":\"ReadAction\",\"target\":[\"https:\\\/\\\/www.luxusimmomallorca.com\\\/es\\\/immobilien\\\/suchservice-einrichten\\\/\"]}]},{\"@type\":\"ImageObject\",\"inLanguage\":\"es\",\"@id\":\"https:\\\/\\\/www.luxusimmomallorca.com\\\/es\\\/immobilien\\\/suchservice-einrichten\\\/#primaryimage\",\"url\":\"https:\\\/\\\/acnaayzuen.cloudimg.io\\\/v7\\\/www.luxusimmomallorca.com\\\/wp-content\\\/uploads\\\/2021\\\/05\\\/Son-Vida-Front-Air-1740x960-c-center-1.jpg\",\"contentUrl\":\"https:\\\/\\\/acnaayzuen.cloudimg.io\\\/v7\\\/www.luxusimmomallorca.com\\\/wp-content\\\/uploads\\\/2021\\\/05\\\/Son-Vida-Front-Air-1740x960-c-center-1.jpg\",\"width\":1740,\"height\":960},{\"@type\":\"BreadcrumbList\",\"@id\":\"https:\\\/\\\/www.luxusimmomallorca.com\\\/es\\\/immobilien\\\/suchservice-einrichten\\\/#breadcrumb\",\"itemListElement\":[{\"@type\":\"ListItem\",\"position\":1,\"name\":\"Startseite\",\"item\":\"https:\\\/\\\/www.luxusimmomallorca.com\\\/es\\\/beispiel-seite\\\/\"},{\"@type\":\"ListItem\",\"position\":2,\"name\":\"Immobilien\",\"item\":\"https:\\\/\\\/www.luxusimmomallorca.com\\\/es\\\/immobilien\\\/\"},{\"@type\":\"ListItem\",\"position\":3,\"name\":\"Suchservice einrichten\"}]},{\"@type\":\"WebSite\",\"@id\":\"https:\\\/\\\/www.luxusimmomallorca.com\\\/es\\\/#website\",\"url\":\"https:\\\/\\\/www.luxusimmomallorca.com\\\/es\\\/\",\"name\":\"Luxus Immobilien Mallorca\",\"description\":\"Das Portal f\u00fcr Luxusimmobilien auf Mallorca\",\"publisher\":{\"@id\":\"https:\\\/\\\/www.luxusimmomallorca.com\\\/es\\\/#organization\"},\"potentialAction\":[{\"@type\":\"SearchAction\",\"target\":{\"@type\":\"EntryPoint\",\"urlTemplate\":\"https:\\\/\\\/www.luxusimmomallorca.com\\\/es\\\/?s={search_term_string}\"},\"query-input\":{\"@type\":\"PropertyValueSpecification\",\"valueRequired\":true,\"valueName\":\"search_term_string\"}}],\"inLanguage\":\"es\"},{\"@type\":\"Organization\",\"@id\":\"https:\\\/\\\/www.luxusimmomallorca.com\\\/es\\\/#organization\",\"name\":\"APART BALEAR\",\"url\":\"https:\\\/\\\/www.luxusimmomallorca.com\\\/es\\\/\",\"logo\":{\"@type\":\"ImageObject\",\"inLanguage\":\"es\",\"@id\":\"https:\\\/\\\/www.luxusimmomallorca.com\\\/es\\\/#\\\/schema\\\/logo\\\/image\\\/\",\"url\":\"https:\\\/\\\/www.luxusimmomallorca.com\\\/wp-content\\\/uploads\\\/2020\\\/06\\\/apart-favicon.png\",\"contentUrl\":\"https:\\\/\\\/www.luxusimmomallorca.com\\\/wp-content\\\/uploads\\\/2020\\\/06\\\/apart-favicon.png\",\"width\":512,\"height\":512,\"caption\":\"APART BALEAR\"},\"image\":{\"@id\":\"https:\\\/\\\/www.luxusimmomallorca.com\\\/es\\\/#\\\/schema\\\/logo\\\/image\\\/\"},\"sameAs\":[\"https:\\\/\\\/www.facebook.com\\\/apartbalear\\\/\",\"https:\\\/\\\/www.instagram.com\\\/apartbalear\\\/\",\"https:\\\/\\\/www.youtube.com\\\/channel\\\/UCqNKScPRjmHO2EEBmSJhwSg\"]}]}<\/script>\n<!-- \/ Yoast SEO plugin. -->","yoast_head_json":{"title":"Suchservice einrichten - Luxus Immobilien Mallorca","robots":{"index":"index","follow":"follow","max-snippet":"max-snippet:-1","max-image-preview":"max-image-preview:large","max-video-preview":"max-video-preview:-1"},"canonical":"https:\/\/www.luxusimmomallorca.com\/es\/immobilien\/suchservice-einrichten\/","og_locale":"es_ES","og_type":"article","og_title":"Suchservice einrichten - Luxus Immobilien Mallorca","og_description":"Startseite \/ Immobilien \/ Suchservice einrichten Jetzt pers\u00f6nlichen Suchservice einrichten Sie haben noch immer nicht Ihre Traumimmobilie auf Mallorca? Nutzen Sie jetzt ganz einfach unseren kostenlosen Suchservice. Ihr pers\u00f6nlicher Immobilienberater vor Ort wird sich f\u00fcr Sie auf intensive Suche begeben, d.h. er wird Ihnen nicht nur die gelisteten Immobilie vorstellen, sondern auch mit allen bestehenden [&hellip;]","og_url":"https:\/\/www.luxusimmomallorca.com\/es\/immobilien\/suchservice-einrichten\/","og_site_name":"Luxus Immobilien Mallorca","article_publisher":"https:\/\/www.facebook.com\/apartbalear\/","article_modified_time":"2021-07-05T08:34:36+00:00","og_image":[{"width":1740,"height":960,"url":"https:\/\/acnaayzuen.cloudimg.io\/v7\/www.luxusimmomallorca.com\/wp-content\/uploads\/2021\/05\/Son-Vida-Front-Air-1740x960-c-center-1.jpg","type":"image\/jpeg"}],"twitter_card":"summary_large_image","twitter_misc":{"Tiempo de lectura":"1 minuto"},"schema":{"@context":"https:\/\/schema.org","@graph":[{"@type":"WebPage","@id":"https:\/\/www.luxusimmomallorca.com\/es\/immobilien\/suchservice-einrichten\/","url":"https:\/\/www.luxusimmomallorca.com\/es\/immobilien\/suchservice-einrichten\/","name":"Suchservice einrichten - Luxus Immobilien Mallorca","isPartOf":{"@id":"https:\/\/www.luxusimmomallorca.com\/es\/#website"},"primaryImageOfPage":{"@id":"https:\/\/www.luxusimmomallorca.com\/es\/immobilien\/suchservice-einrichten\/#primaryimage"},"image":{"@id":"https:\/\/www.luxusimmomallorca.com\/es\/immobilien\/suchservice-einrichten\/#primaryimage"},"thumbnailUrl":"https:\/\/acnaayzuen.cloudimg.io\/v7\/www.luxusimmomallorca.com\/wp-content\/uploads\/2021\/05\/Son-Vida-Front-Air-1740x960-c-center-1.jpg","datePublished":"2020-02-23T10:19:46+00:00","dateModified":"2021-07-05T08:34:36+00:00","breadcrumb":{"@id":"https:\/\/www.luxusimmomallorca.com\/es\/immobilien\/suchservice-einrichten\/#breadcrumb"},"inLanguage":"es","potentialAction":[{"@type":"ReadAction","target":["https:\/\/www.luxusimmomallorca.com\/es\/immobilien\/suchservice-einrichten\/"]}]},{"@type":"ImageObject","inLanguage":"es","@id":"https:\/\/www.luxusimmomallorca.com\/es\/immobilien\/suchservice-einrichten\/#primaryimage","url":"https:\/\/acnaayzuen.cloudimg.io\/v7\/www.luxusimmomallorca.com\/wp-content\/uploads\/2021\/05\/Son-Vida-Front-Air-1740x960-c-center-1.jpg","contentUrl":"https:\/\/acnaayzuen.cloudimg.io\/v7\/www.luxusimmomallorca.com\/wp-content\/uploads\/2021\/05\/Son-Vida-Front-Air-1740x960-c-center-1.jpg","width":1740,"height":960},{"@type":"BreadcrumbList","@id":"https:\/\/www.luxusimmomallorca.com\/es\/immobilien\/suchservice-einrichten\/#breadcrumb","itemListElement":[{"@type":"ListItem","position":1,"name":"Startseite","item":"https:\/\/www.luxusimmomallorca.com\/es\/beispiel-seite\/"},{"@type":"ListItem","position":2,"name":"Immobilien","item":"https:\/\/www.luxusimmomallorca.com\/es\/immobilien\/"},{"@type":"ListItem","position":3,"name":"Suchservice einrichten"}]},{"@type":"WebSite","@id":"https:\/\/www.luxusimmomallorca.com\/es\/#website","url":"https:\/\/www.luxusimmomallorca.com\/es\/","name":"Luxus Immobilien Mallorca","description":"Das Portal f\u00fcr Luxusimmobilien auf Mallorca","publisher":{"@id":"https:\/\/www.luxusimmomallorca.com\/es\/#organization"},"potentialAction":[{"@type":"SearchAction","target":{"@type":"EntryPoint","urlTemplate":"https:\/\/www.luxusimmomallorca.com\/es\/?s={search_term_string}"},"query-input":{"@type":"PropertyValueSpecification","valueRequired":true,"valueName":"search_term_string"}}],"inLanguage":"es"},{"@type":"Organization","@id":"https:\/\/www.luxusimmomallorca.com\/es\/#organization","name":"APART BALEAR","url":"https:\/\/www.luxusimmomallorca.com\/es\/","logo":{"@type":"ImageObject","inLanguage":"es","@id":"https:\/\/www.luxusimmomallorca.com\/es\/#\/schema\/logo\/image\/","url":"https:\/\/www.luxusimmomallorca.com\/wp-content\/uploads\/2020\/06\/apart-favicon.png","contentUrl":"https:\/\/www.luxusimmomallorca.com\/wp-content\/uploads\/2020\/06\/apart-favicon.png","width":512,"height":512,"caption":"APART BALEAR"},"image":{"@id":"https:\/\/www.luxusimmomallorca.com\/es\/#\/schema\/logo\/image\/"},"sameAs":["https:\/\/www.facebook.com\/apartbalear\/","https:\/\/www.instagram.com\/apartbalear\/","https:\/\/www.youtube.com\/channel\/UCqNKScPRjmHO2EEBmSJhwSg"]}]}},"_links":{"self":[{"href":"https:\/\/www.luxusimmomallorca.com\/es\/wp-json\/wp\/v2\/pages\/475","targetHints":{"allow":["GET"]}}],"collection":[{"href":"https:\/\/www.luxusimmomallorca.com\/es\/wp-json\/wp\/v2\/pages"}],"about":[{"href":"https:\/\/www.luxusimmomallorca.com\/es\/wp-json\/wp\/v2\/types\/page"}],"author":[{"embeddable":true,"href":"https:\/\/www.luxusimmomallorca.com\/es\/wp-json\/wp\/v2\/users\/4"}],"replies":[{"embeddable":true,"href":"https:\/\/www.luxusimmomallorca.com\/es\/wp-json\/wp\/v2\/comments?post=475"}],"version-history":[{"count":63,"href":"https:\/\/www.luxusimmomallorca.com\/es\/wp-json\/wp\/v2\/pages\/475\/revisions"}],"predecessor-version":[{"id":4455,"href":"https:\/\/www.luxusimmomallorca.com\/es\/wp-json\/wp\/v2\/pages\/475\/revisions\/4455"}],"up":[{"embeddable":true,"href":"https:\/\/www.luxusimmomallorca.com\/es\/wp-json\/wp\/v2\/pages\/434"}],"wp:featuredmedia":[{"embeddable":true,"href":"https:\/\/www.luxusimmomallorca.com\/es\/wp-json\/wp\/v2\/media\/2517"}],"wp:attachment":[{"href":"https:\/\/www.luxusimmomallorca.com\/es\/wp-json\/wp\/v2\/media?parent=475"}],"curies":[{"name":"wp","href":"https:\/\/api.w.org\/{rel}","templated":true}]}}