{"id":483,"date":"2019-10-18T14:15:28","date_gmt":"2019-10-18T12:15:28","guid":{"rendered":"https:\/\/www.luxusimmomallorca.com\/?page_id=483"},"modified":"2021-06-21T13:48:57","modified_gmt":"2021-06-21T11:48:57","slug":"kaufprozess","status":"publish","type":"page","link":"https:\/\/www.luxusimmomallorca.com\/es\/infos\/kaufprozess\/","title":{"rendered":"Kaufprozess"},"content":{"rendered":"\t\t<div data-elementor-type=\"wp-page\" data-elementor-id=\"483\" class=\"elementor elementor-483 elementor-91\" data-elementor-post-type=\"page\">\n\t\t\t\t\t\t<section class=\"elementor-section elementor-top-section elementor-element elementor-element-97bed9b elementor-section-boxed elementor-section-height-default elementor-section-height-default\" data-id=\"97bed9b\" data-element_type=\"section\" data-e-type=\"section\">\n\t\t\t\t\t\t<div class=\"elementor-container elementor-column-gap-default\">\n\t\t\t\t\t<div class=\"elementor-column elementor-col-12 elementor-top-column elementor-element elementor-element-56e3e715\" data-id=\"56e3e715\" data-element_type=\"column\" data-e-type=\"column\">\n\t\t\t<div class=\"elementor-widget-wrap\">\n\t\t\t\t\t\t\t<\/div>\n\t\t<\/div>\n\t\t\t\t<div class=\"elementor-column elementor-col-12 elementor-top-column elementor-element elementor-element-798b69d3\" data-id=\"798b69d3\" data-element_type=\"column\" data-e-type=\"column\">\n\t\t\t<div class=\"elementor-widget-wrap elementor-element-populated\">\n\t\t\t\t\t\t<div class=\"elementor-element elementor-element-5e902df2 elementor-widget elementor-widget-heading\" data-id=\"5e902df2\" data-element_type=\"widget\" data-e-type=\"widget\" data-widget_type=\"heading.default\">\n\t\t\t\t<div class=\"elementor-widget-container\">\n\t\t\t\t\t<h2 class=\"elementor-heading-title elementor-size-default\"><a href=\"https:\/\/www.luxusimmomallorca.com\/\">Startseite \/<\/a><\/h2>\t\t\t\t<\/div>\n\t\t\t\t<\/div>\n\t\t\t\t\t<\/div>\n\t\t<\/div>\n\t\t\t\t<div class=\"elementor-column elementor-col-12 elementor-top-column elementor-element elementor-element-84efc4\" data-id=\"84efc4\" data-element_type=\"column\" data-e-type=\"column\">\n\t\t\t<div class=\"elementor-widget-wrap elementor-element-populated\">\n\t\t\t\t\t\t<div class=\"elementor-element elementor-element-9c346b4 elementor-widget elementor-widget-heading\" data-id=\"9c346b4\" data-element_type=\"widget\" data-e-type=\"widget\" data-widget_type=\"heading.default\">\n\t\t\t\t<div class=\"elementor-widget-container\">\n\t\t\t\t\t<h2 class=\"elementor-heading-title elementor-size-default\"><a href=\"https:\/\/www.luxusimmomallorca.com\/infos\/\">Infos \/<\/a><\/h2>\t\t\t\t<\/div>\n\t\t\t\t<\/div>\n\t\t\t\t\t<\/div>\n\t\t<\/div>\n\t\t\t\t<div class=\"elementor-column elementor-col-12 elementor-top-column elementor-element elementor-element-4546e5a5\" data-id=\"4546e5a5\" data-element_type=\"column\" data-e-type=\"column\">\n\t\t\t<div class=\"elementor-widget-wrap elementor-element-populated\">\n\t\t\t\t\t\t<div class=\"elementor-element elementor-element-3beca8fe elementor-widget elementor-widget-heading\" data-id=\"3beca8fe\" data-element_type=\"widget\" data-e-type=\"widget\" data-widget_type=\"heading.default\">\n\t\t\t\t<div class=\"elementor-widget-container\">\n\t\t\t\t\t<h2 class=\"elementor-heading-title elementor-size-default\"><a href=\"https:\/\/www.luxusimmomallorca.com\/infos\/kaufprozess\/\">Kaufprozess<\/a><\/h2>\t\t\t\t<\/div>\n\t\t\t\t<\/div>\n\t\t\t\t\t<\/div>\n\t\t<\/div>\n\t\t\t\t<div class=\"elementor-column elementor-col-12 elementor-top-column elementor-element elementor-element-7f6fc2ac\" data-id=\"7f6fc2ac\" data-element_type=\"column\" data-e-type=\"column\">\n\t\t\t<div class=\"elementor-widget-wrap\">\n\t\t\t\t\t\t\t<\/div>\n\t\t<\/div>\n\t\t\t\t<div class=\"elementor-column elementor-col-12 elementor-top-column elementor-element elementor-element-7ac7a82f\" data-id=\"7ac7a82f\" data-element_type=\"column\" data-e-type=\"column\">\n\t\t\t<div class=\"elementor-widget-wrap\">\n\t\t\t\t\t\t\t<\/div>\n\t\t<\/div>\n\t\t\t\t<div class=\"elementor-column elementor-col-12 elementor-top-column elementor-element elementor-element-3a80d521\" data-id=\"3a80d521\" data-element_type=\"column\" data-e-type=\"column\">\n\t\t\t<div class=\"elementor-widget-wrap\">\n\t\t\t\t\t\t\t<\/div>\n\t\t<\/div>\n\t\t\t\t<div class=\"elementor-column elementor-col-12 elementor-top-column elementor-element elementor-element-17d816e1\" data-id=\"17d816e1\" data-element_type=\"column\" data-e-type=\"column\">\n\t\t\t<div class=\"elementor-widget-wrap\">\n\t\t\t\t\t\t\t<\/div>\n\t\t<\/div>\n\t\t\t\t\t<\/div>\n\t\t<\/section>\n\t\t\t\t<section class=\"elementor-section elementor-top-section elementor-element elementor-element-21eaaa67 elementor-section-stretched elementor-section-boxed elementor-section-height-default elementor-section-height-default\" data-id=\"21eaaa67\" data-element_type=\"section\" data-e-type=\"section\" data-settings=\"{&quot;stretch_section&quot;:&quot;section-stretched&quot;,&quot;background_background&quot;:&quot;classic&quot;}\">\n\t\t\t\t\t\t\t<div class=\"elementor-background-overlay\"><\/div>\n\t\t\t\t\t\t\t<div class=\"elementor-container elementor-column-gap-default\">\n\t\t\t\t\t<div class=\"elementor-column elementor-col-100 elementor-top-column elementor-element elementor-element-7180ffa3\" data-id=\"7180ffa3\" data-element_type=\"column\" data-e-type=\"column\">\n\t\t\t<div class=\"elementor-widget-wrap elementor-element-populated\">\n\t\t\t\t\t\t<div class=\"elementor-element elementor-element-4477ad3a elementor-widget elementor-widget-heading\" data-id=\"4477ad3a\" data-element_type=\"widget\" data-e-type=\"widget\" data-widget_type=\"heading.default\">\n\t\t\t\t<div class=\"elementor-widget-container\">\n\t\t\t\t\t<h2 class=\"elementor-heading-title elementor-size-default\">Jetzt sich \u00fcber den Kaufprozess informieren<\/h2>\t\t\t\t<\/div>\n\t\t\t\t<\/div>\n\t\t\t\t<div class=\"elementor-element elementor-element-1341ff23 elementor-widget elementor-widget-text-editor\" data-id=\"1341ff23\" data-element_type=\"widget\" data-e-type=\"widget\" data-widget_type=\"text-editor.default\">\n\t\t\t\t<div class=\"elementor-widget-container\">\n\t\t\t\t\t\t\t\t\t<p>Vor allem beim Kauf der ersten Immobilie in Spanien oder generell im Ausland ist die Unsicherheit oft pr\u00e4sent. Diese Unsicherheit kann aber stark minimiert werden, wenn man sich vorab oder auch w\u00e4hrenddessen gut informiert und man einen kompetenten Immobilienberater an seiner Seite hat. Wir m\u00f6chten Ihnen im Folgenden den gesamten Kaufprozess einer Immobilie auf Mallorca m\u00f6glichst detailliert erl\u00e4utern. Nat\u00fcrlich k\u00f6nnen wir dabei nicht auf jeden Sonder- oder Einzelfall eingehen. Wenn Sie im Anschlu\u00df offene Fragen haben oder aktuell eine spezifische Fragen haben, z\u00f6gern Sie bitte nicht, sich direkt bei uns zu melden.<\/p>\t\t\t\t\t\t\t\t<\/div>\n\t\t\t\t<\/div>\n\t\t\t\t\t<\/div>\n\t\t<\/div>\n\t\t\t\t\t<\/div>\n\t\t<\/section>\n\t\t\t\t<section class=\"elementor-section elementor-top-section elementor-element elementor-element-33f52ab5 elementor-section-height-min-height elementor-section-content-middle elementor-section-stretched elementor-section-boxed elementor-section-height-default elementor-section-items-middle\" data-id=\"33f52ab5\" data-element_type=\"section\" data-e-type=\"section\" data-settings=\"{&quot;background_background&quot;:&quot;classic&quot;,&quot;stretch_section&quot;:&quot;section-stretched&quot;}\">\n\t\t\t\t\t\t<div class=\"elementor-container elementor-column-gap-default\">\n\t\t\t\t\t<div class=\"elementor-column elementor-col-100 elementor-top-column elementor-element elementor-element-5e3f0cf6\" data-id=\"5e3f0cf6\" data-element_type=\"column\" data-e-type=\"column\">\n\t\t\t<div class=\"elementor-widget-wrap elementor-element-populated\">\n\t\t\t\t\t\t<div class=\"elementor-element elementor-element-239f0660 elementor-widget elementor-widget-heading\" data-id=\"239f0660\" data-element_type=\"widget\" data-e-type=\"widget\" data-widget_type=\"heading.default\">\n\t\t\t\t<div class=\"elementor-widget-container\">\n\t\t\t\t\t<h2 class=\"elementor-heading-title elementor-size-default\">Coming soon ...<\/h2>\t\t\t\t<\/div>\n\t\t\t\t<\/div>\n\t\t\t\t\t<\/div>\n\t\t<\/div>\n\t\t\t\t\t<\/div>\n\t\t<\/section>\n\t\t\t\t<\/div>\n\t\t","protected":false},"excerpt":{"rendered":"<p>Startseite \/ Infos \/ Kaufprozess Jetzt sich \u00fcber den Kaufprozess informieren Vor allem beim Kauf der ersten Immobilie in Spanien oder generell im Ausland ist die Unsicherheit oft pr\u00e4sent. Diese Unsicherheit kann aber stark minimiert werden, wenn man sich vorab oder auch w\u00e4hrenddessen gut informiert und man einen kompetenten Immobilienberater an seiner Seite hat. Wir [&hellip;]<\/p>\n","protected":false},"author":4,"featured_media":2517,"parent":479,"menu_order":0,"comment_status":"closed","ping_status":"closed","template":"","meta":{"_acf_changed":false,"footnotes":""},"class_list":["post-483","page","type-page","status-publish","has-post-thumbnail","hentry"],"acf":[],"yoast_head":"<!-- This site is optimized with the Yoast SEO plugin v27.5 - https:\/\/yoast.com\/product\/yoast-seo-wordpress\/ -->\n<title>Kaufprozess - Luxus Immobilien Mallorca<\/title>\n<meta name=\"robots\" content=\"index, follow, max-snippet:-1, max-image-preview:large, max-video-preview:-1\" \/>\n<link rel=\"canonical\" href=\"https:\/\/www.luxusimmomallorca.com\/es\/infos\/kaufprozess\/\" \/>\n<meta property=\"og:locale\" content=\"es_ES\" \/>\n<meta property=\"og:type\" content=\"article\" \/>\n<meta property=\"og:title\" content=\"Kaufprozess - Luxus Immobilien Mallorca\" \/>\n<meta property=\"og:description\" content=\"Startseite \/ Infos \/ Kaufprozess Jetzt sich \u00fcber den Kaufprozess informieren Vor allem beim Kauf der ersten Immobilie in Spanien oder generell im Ausland ist die Unsicherheit oft pr\u00e4sent. Diese Unsicherheit kann aber stark minimiert werden, wenn man sich vorab oder auch w\u00e4hrenddessen gut informiert und man einen kompetenten Immobilienberater an seiner Seite hat. Wir [&hellip;]\" \/>\n<meta property=\"og:url\" content=\"https:\/\/www.luxusimmomallorca.com\/es\/infos\/kaufprozess\/\" \/>\n<meta property=\"og:site_name\" content=\"Luxus Immobilien Mallorca\" \/>\n<meta property=\"article:publisher\" content=\"https:\/\/www.facebook.com\/apartbalear\/\" \/>\n<meta property=\"article:modified_time\" content=\"2021-06-21T11:48:57+00:00\" \/>\n<meta property=\"og:image\" content=\"https:\/\/acnaayzuen.cloudimg.io\/v7\/www.luxusimmomallorca.com\/wp-content\/uploads\/2021\/05\/Son-Vida-Front-Air-1740x960-c-center-1.jpg\" \/>\n\t<meta property=\"og:image:width\" content=\"1740\" \/>\n\t<meta property=\"og:image:height\" content=\"960\" \/>\n\t<meta property=\"og:image:type\" content=\"image\/jpeg\" \/>\n<meta name=\"twitter:card\" content=\"summary_large_image\" \/>\n<meta name=\"twitter:label1\" content=\"Tiempo de lectura\" \/>\n\t<meta name=\"twitter:data1\" content=\"1 minuto\" \/>\n<script type=\"application\/ld+json\" class=\"yoast-schema-graph\">{\"@context\":\"https:\\\/\\\/schema.org\",\"@graph\":[{\"@type\":\"WebPage\",\"@id\":\"https:\\\/\\\/www.luxusimmomallorca.com\\\/es\\\/infos\\\/kaufprozess\\\/\",\"url\":\"https:\\\/\\\/www.luxusimmomallorca.com\\\/es\\\/infos\\\/kaufprozess\\\/\",\"name\":\"Kaufprozess - Luxus Immobilien Mallorca\",\"isPartOf\":{\"@id\":\"https:\\\/\\\/www.luxusimmomallorca.com\\\/es\\\/#website\"},\"primaryImageOfPage\":{\"@id\":\"https:\\\/\\\/www.luxusimmomallorca.com\\\/es\\\/infos\\\/kaufprozess\\\/#primaryimage\"},\"image\":{\"@id\":\"https:\\\/\\\/www.luxusimmomallorca.com\\\/es\\\/infos\\\/kaufprozess\\\/#primaryimage\"},\"thumbnailUrl\":\"https:\\\/\\\/acnaayzuen.cloudimg.io\\\/v7\\\/www.luxusimmomallorca.com\\\/wp-content\\\/uploads\\\/2021\\\/05\\\/Son-Vida-Front-Air-1740x960-c-center-1.jpg\",\"datePublished\":\"2019-10-18T12:15:28+00:00\",\"dateModified\":\"2021-06-21T11:48:57+00:00\",\"breadcrumb\":{\"@id\":\"https:\\\/\\\/www.luxusimmomallorca.com\\\/es\\\/infos\\\/kaufprozess\\\/#breadcrumb\"},\"inLanguage\":\"es\",\"potentialAction\":[{\"@type\":\"ReadAction\",\"target\":[\"https:\\\/\\\/www.luxusimmomallorca.com\\\/es\\\/infos\\\/kaufprozess\\\/\"]}]},{\"@type\":\"ImageObject\",\"inLanguage\":\"es\",\"@id\":\"https:\\\/\\\/www.luxusimmomallorca.com\\\/es\\\/infos\\\/kaufprozess\\\/#primaryimage\",\"url\":\"https:\\\/\\\/acnaayzuen.cloudimg.io\\\/v7\\\/www.luxusimmomallorca.com\\\/wp-content\\\/uploads\\\/2021\\\/05\\\/Son-Vida-Front-Air-1740x960-c-center-1.jpg\",\"contentUrl\":\"https:\\\/\\\/acnaayzuen.cloudimg.io\\\/v7\\\/www.luxusimmomallorca.com\\\/wp-content\\\/uploads\\\/2021\\\/05\\\/Son-Vida-Front-Air-1740x960-c-center-1.jpg\",\"width\":1740,\"height\":960},{\"@type\":\"BreadcrumbList\",\"@id\":\"https:\\\/\\\/www.luxusimmomallorca.com\\\/es\\\/infos\\\/kaufprozess\\\/#breadcrumb\",\"itemListElement\":[{\"@type\":\"ListItem\",\"position\":1,\"name\":\"Startseite\",\"item\":\"https:\\\/\\\/www.luxusimmomallorca.com\\\/es\\\/beispiel-seite\\\/\"},{\"@type\":\"ListItem\",\"position\":2,\"name\":\"Infos\",\"item\":\"https:\\\/\\\/www.luxusimmomallorca.com\\\/es\\\/infos\\\/\"},{\"@type\":\"ListItem\",\"position\":3,\"name\":\"Kaufprozess\"}]},{\"@type\":\"WebSite\",\"@id\":\"https:\\\/\\\/www.luxusimmomallorca.com\\\/es\\\/#website\",\"url\":\"https:\\\/\\\/www.luxusimmomallorca.com\\\/es\\\/\",\"name\":\"Luxus Immobilien Mallorca\",\"description\":\"Das Portal f\u00fcr Luxusimmobilien auf Mallorca\",\"publisher\":{\"@id\":\"https:\\\/\\\/www.luxusimmomallorca.com\\\/es\\\/#organization\"},\"potentialAction\":[{\"@type\":\"SearchAction\",\"target\":{\"@type\":\"EntryPoint\",\"urlTemplate\":\"https:\\\/\\\/www.luxusimmomallorca.com\\\/es\\\/?s={search_term_string}\"},\"query-input\":{\"@type\":\"PropertyValueSpecification\",\"valueRequired\":true,\"valueName\":\"search_term_string\"}}],\"inLanguage\":\"es\"},{\"@type\":\"Organization\",\"@id\":\"https:\\\/\\\/www.luxusimmomallorca.com\\\/es\\\/#organization\",\"name\":\"APART BALEAR\",\"url\":\"https:\\\/\\\/www.luxusimmomallorca.com\\\/es\\\/\",\"logo\":{\"@type\":\"ImageObject\",\"inLanguage\":\"es\",\"@id\":\"https:\\\/\\\/www.luxusimmomallorca.com\\\/es\\\/#\\\/schema\\\/logo\\\/image\\\/\",\"url\":\"https:\\\/\\\/www.luxusimmomallorca.com\\\/wp-content\\\/uploads\\\/2020\\\/06\\\/apart-favicon.png\",\"contentUrl\":\"https:\\\/\\\/www.luxusimmomallorca.com\\\/wp-content\\\/uploads\\\/2020\\\/06\\\/apart-favicon.png\",\"width\":512,\"height\":512,\"caption\":\"APART BALEAR\"},\"image\":{\"@id\":\"https:\\\/\\\/www.luxusimmomallorca.com\\\/es\\\/#\\\/schema\\\/logo\\\/image\\\/\"},\"sameAs\":[\"https:\\\/\\\/www.facebook.com\\\/apartbalear\\\/\",\"https:\\\/\\\/www.instagram.com\\\/apartbalear\\\/\",\"https:\\\/\\\/www.youtube.com\\\/channel\\\/UCqNKScPRjmHO2EEBmSJhwSg\"]}]}<\/script>\n<!-- \/ Yoast SEO plugin. -->","yoast_head_json":{"title":"Kaufprozess - Luxus Immobilien Mallorca","robots":{"index":"index","follow":"follow","max-snippet":"max-snippet:-1","max-image-preview":"max-image-preview:large","max-video-preview":"max-video-preview:-1"},"canonical":"https:\/\/www.luxusimmomallorca.com\/es\/infos\/kaufprozess\/","og_locale":"es_ES","og_type":"article","og_title":"Kaufprozess - Luxus Immobilien Mallorca","og_description":"Startseite \/ Infos \/ Kaufprozess Jetzt sich \u00fcber den Kaufprozess informieren Vor allem beim Kauf der ersten Immobilie in Spanien oder generell im Ausland ist die Unsicherheit oft pr\u00e4sent. Diese Unsicherheit kann aber stark minimiert werden, wenn man sich vorab oder auch w\u00e4hrenddessen gut informiert und man einen kompetenten Immobilienberater an seiner Seite hat. Wir [&hellip;]","og_url":"https:\/\/www.luxusimmomallorca.com\/es\/infos\/kaufprozess\/","og_site_name":"Luxus Immobilien Mallorca","article_publisher":"https:\/\/www.facebook.com\/apartbalear\/","article_modified_time":"2021-06-21T11:48:57+00:00","og_image":[{"width":1740,"height":960,"url":"https:\/\/acnaayzuen.cloudimg.io\/v7\/www.luxusimmomallorca.com\/wp-content\/uploads\/2021\/05\/Son-Vida-Front-Air-1740x960-c-center-1.jpg","type":"image\/jpeg"}],"twitter_card":"summary_large_image","twitter_misc":{"Tiempo de lectura":"1 minuto"},"schema":{"@context":"https:\/\/schema.org","@graph":[{"@type":"WebPage","@id":"https:\/\/www.luxusimmomallorca.com\/es\/infos\/kaufprozess\/","url":"https:\/\/www.luxusimmomallorca.com\/es\/infos\/kaufprozess\/","name":"Kaufprozess - Luxus Immobilien Mallorca","isPartOf":{"@id":"https:\/\/www.luxusimmomallorca.com\/es\/#website"},"primaryImageOfPage":{"@id":"https:\/\/www.luxusimmomallorca.com\/es\/infos\/kaufprozess\/#primaryimage"},"image":{"@id":"https:\/\/www.luxusimmomallorca.com\/es\/infos\/kaufprozess\/#primaryimage"},"thumbnailUrl":"https:\/\/acnaayzuen.cloudimg.io\/v7\/www.luxusimmomallorca.com\/wp-content\/uploads\/2021\/05\/Son-Vida-Front-Air-1740x960-c-center-1.jpg","datePublished":"2019-10-18T12:15:28+00:00","dateModified":"2021-06-21T11:48:57+00:00","breadcrumb":{"@id":"https:\/\/www.luxusimmomallorca.com\/es\/infos\/kaufprozess\/#breadcrumb"},"inLanguage":"es","potentialAction":[{"@type":"ReadAction","target":["https:\/\/www.luxusimmomallorca.com\/es\/infos\/kaufprozess\/"]}]},{"@type":"ImageObject","inLanguage":"es","@id":"https:\/\/www.luxusimmomallorca.com\/es\/infos\/kaufprozess\/#primaryimage","url":"https:\/\/acnaayzuen.cloudimg.io\/v7\/www.luxusimmomallorca.com\/wp-content\/uploads\/2021\/05\/Son-Vida-Front-Air-1740x960-c-center-1.jpg","contentUrl":"https:\/\/acnaayzuen.cloudimg.io\/v7\/www.luxusimmomallorca.com\/wp-content\/uploads\/2021\/05\/Son-Vida-Front-Air-1740x960-c-center-1.jpg","width":1740,"height":960},{"@type":"BreadcrumbList","@id":"https:\/\/www.luxusimmomallorca.com\/es\/infos\/kaufprozess\/#breadcrumb","itemListElement":[{"@type":"ListItem","position":1,"name":"Startseite","item":"https:\/\/www.luxusimmomallorca.com\/es\/beispiel-seite\/"},{"@type":"ListItem","position":2,"name":"Infos","item":"https:\/\/www.luxusimmomallorca.com\/es\/infos\/"},{"@type":"ListItem","position":3,"name":"Kaufprozess"}]},{"@type":"WebSite","@id":"https:\/\/www.luxusimmomallorca.com\/es\/#website","url":"https:\/\/www.luxusimmomallorca.com\/es\/","name":"Luxus Immobilien Mallorca","description":"Das Portal f\u00fcr Luxusimmobilien auf Mallorca","publisher":{"@id":"https:\/\/www.luxusimmomallorca.com\/es\/#organization"},"potentialAction":[{"@type":"SearchAction","target":{"@type":"EntryPoint","urlTemplate":"https:\/\/www.luxusimmomallorca.com\/es\/?s={search_term_string}"},"query-input":{"@type":"PropertyValueSpecification","valueRequired":true,"valueName":"search_term_string"}}],"inLanguage":"es"},{"@type":"Organization","@id":"https:\/\/www.luxusimmomallorca.com\/es\/#organization","name":"APART BALEAR","url":"https:\/\/www.luxusimmomallorca.com\/es\/","logo":{"@type":"ImageObject","inLanguage":"es","@id":"https:\/\/www.luxusimmomallorca.com\/es\/#\/schema\/logo\/image\/","url":"https:\/\/www.luxusimmomallorca.com\/wp-content\/uploads\/2020\/06\/apart-favicon.png","contentUrl":"https:\/\/www.luxusimmomallorca.com\/wp-content\/uploads\/2020\/06\/apart-favicon.png","width":512,"height":512,"caption":"APART BALEAR"},"image":{"@id":"https:\/\/www.luxusimmomallorca.com\/es\/#\/schema\/logo\/image\/"},"sameAs":["https:\/\/www.facebook.com\/apartbalear\/","https:\/\/www.instagram.com\/apartbalear\/","https:\/\/www.youtube.com\/channel\/UCqNKScPRjmHO2EEBmSJhwSg"]}]}},"_links":{"self":[{"href":"https:\/\/www.luxusimmomallorca.com\/es\/wp-json\/wp\/v2\/pages\/483","targetHints":{"allow":["GET"]}}],"collection":[{"href":"https:\/\/www.luxusimmomallorca.com\/es\/wp-json\/wp\/v2\/pages"}],"about":[{"href":"https:\/\/www.luxusimmomallorca.com\/es\/wp-json\/wp\/v2\/types\/page"}],"author":[{"embeddable":true,"href":"https:\/\/www.luxusimmomallorca.com\/es\/wp-json\/wp\/v2\/users\/4"}],"replies":[{"embeddable":true,"href":"https:\/\/www.luxusimmomallorca.com\/es\/wp-json\/wp\/v2\/comments?post=483"}],"version-history":[{"count":36,"href":"https:\/\/www.luxusimmomallorca.com\/es\/wp-json\/wp\/v2\/pages\/483\/revisions"}],"predecessor-version":[{"id":3812,"href":"https:\/\/www.luxusimmomallorca.com\/es\/wp-json\/wp\/v2\/pages\/483\/revisions\/3812"}],"up":[{"embeddable":true,"href":"https:\/\/www.luxusimmomallorca.com\/es\/wp-json\/wp\/v2\/pages\/479"}],"wp:featuredmedia":[{"embeddable":true,"href":"https:\/\/www.luxusimmomallorca.com\/es\/wp-json\/wp\/v2\/media\/2517"}],"wp:attachment":[{"href":"https:\/\/www.luxusimmomallorca.com\/es\/wp-json\/wp\/v2\/media?parent=483"}],"curies":[{"name":"wp","href":"https:\/\/api.w.org\/{rel}","templated":true}]}}